{"id":105,"date":"2016-06-08T13:14:41","date_gmt":"2016-06-08T11:14:41","guid":{"rendered":"https:\/\/kardiologia-eksperymentalna.pl\/?page_id=105"},"modified":"2019-08-12T12:59:14","modified_gmt":"2019-08-12T10:59:14","slug":"konferencje-sympozja-i-sesje-ske-2","status":"publish","type":"page","link":"https:\/\/kardiologia-eksperymentalna.pl\/index.php\/konferencje-sympozja-i-sesje-ske-2\/","title":{"rendered":"XXI Sympozjum Sekcji Kardiologii Eksperymentalnej PTK"},"content":{"rendered":"<p>Zapraszam do uczestnictwa w<br \/>\nXXI Sympozjum Sekcji Kardiologii Eksperymentalnej PTK<br \/>\noraz Komitetu Nauk Fizjologicznych i Farmakologicznych PAN<br \/>\nkt\u0102\u0142re odb\u00c4\u0099dzie si\u00c4\u0099<br \/>\n<strong>13 \u00e2\u0080\u0093 15 pa\u0139\u015fdziernika 2016 r. w Ryni<\/strong>.<\/p>\n<p><a href=\"https:\/\/kardiologia-eksperymentalna.pl\/wp-content\/uploads\/2016\/06\/21_sympozjum.jpg\"><img loading=\"lazy\" decoding=\"async\" class=\"size-full wp-image-113 alignleft\" src=\"https:\/\/kardiologia-eksperymentalna.pl\/wp-content\/uploads\/2016\/06\/21_sympozjum.jpg\" alt=\"21_sympozjum\" width=\"40\" height=\"60\"><\/a><a href=\"http:\/\/fizjologia.wum.edu.pl\/ptk\" target=\"_blank\" rel=\"noopener noreferrer\"><br \/>\n<\/a><\/p>\n<h2>Strona<\/h2>\n<p>XXI Sympozjum Sekcji Kardiologii Eksperymentalnej PTK<br \/>\noraz<br \/>\nKomitetu Nauk Fizjologicznych i Farmakologicznych PAN<\/p>\n<p><strong>ORGANIZATORZY<\/strong><br \/>\n<strong>Sekcja Kardiologii Eksperymentalnej PTK<\/strong><br \/>\noraz<br \/>\n<strong>Komitet Nauk Fizjologicznych i Farmakologicznych PAN<\/strong><\/p>\n<p><strong>KOMITET NAUKOWY<\/strong><br \/>\nProf. Maciej Kurpisz &#8211; przewodnicz\u00c4\u0085cy<br \/>\n<em>Uniwersytet Medyczny w Poznaniu<\/em><br \/>\nProf. Ewa Chabielska<br \/>\n<em>Uniwersytet Medyczny w Bia\u0139\u0082ymstoku<\/em><br \/>\nDr hab. Agnieszka Cudnoch-J\u00c4\u0099drzejewska<br \/>\n<em>Warszawski Uniwersytet Medyczny<\/em><br \/>\nProf. Krzysztof Filipiak<br \/>\n<em>Warszawski Uniwersytet Medyczny<\/em><br \/>\nDr hab. Urszula Mackiewicz<br \/>\n<em>CMKP, Warszawa<\/em><br \/>\nProf. Grzegorz Opolski<br \/>\n<em>Warszawski Uniwersytet Medyczny<\/em><br \/>\nDr hab. Ewa \u0139\u0081ucja St\u00c4\u0099pie\u0139\u0084<br \/>\n<em>Uniwersytet Jagiello\u0139\u0084ski<\/em><br \/>\nProf.&nbsp;Pawe\u0139\u0082 W\u0139\u0082odarski<br \/>\n<em>Warszawski Uniwersytet Medyczny<\/em><\/p>\n<p><strong>KOMITET ORGANIZACYJNY<\/strong><br \/>\nProf. Agnieszka Cudnoch-J\u00c4\u0099drzejewska &#8211;<br \/>\nprzewodnicz\u00c4\u0085ca<br \/>\n<em>Warszawski Uniwersytet Medyczny<\/em><br \/>\nDr Katarzyna Czarzasta<br \/>\n<em>Warszawski Uniwersytet Medyczny<\/em><br \/>\nDr Renata G\u0139\u0082\u0102\u0142wczy\u0139\u0084ska<br \/>\n<em>Warszawski Uniwersytet Medyczny<\/em><br \/>\nDr hab. Hanna Koz\u0139\u0082owska<br \/>\n<em>Uniwersytet Medyczny w Bia\u0139\u0082ymstoku<\/em><br \/>\nDr hab. Ewa \u0139\u0081ucja St\u00c4\u0099pie\u0139\u0084<br \/>\n<em>Uniwersytet Jagiello\u0139\u0084ski<\/em><br \/>\nDr hab. Pawe\u0139\u0082 W\u0139\u0082odarski<br \/>\n<em>Warszawski Uniwersytet Medyczny<\/em><br \/>\nDr Tymoteusz \u0139\u0165era<br \/>\n<em>Warszawski Uniwersytet Medyczny<\/em><\/p>\n<p>&nbsp;<\/p>\n","protected":false},"excerpt":{"rendered":"<p>Zapraszam do uczestnictwa w XXI Sympozjum Sekcji Kardiologii Eksperymentalnej PTK oraz Komitetu Nauk Fizjologicznych i Farmakologicznych PAN kt\u0102\u0142re odb\u00c4\u0099dzie si\u00c4\u0099 13 \u00e2\u0080\u0093 15 pa\u0139\u015fdziernika 2016 r. w Ryni. Strona XXI Sympozjum Sekcji Kardiologii Eksperymentalnej PTK oraz Komitetu Nauk Fizjologicznych i Farmakologicznych PAN ORGANIZATORZY Sekcja Kardiologii Eksperymentalnej PTK oraz Komitet Nauk Fizjologicznych i Farmakologicznych PAN KOMITET\u2026 <span class=\"read-more\"><a href=\"https:\/\/kardiologia-eksperymentalna.pl\/index.php\/konferencje-sympozja-i-sesje-ske-2\/\">Dowiedz si\u0119 wi\u0119cej &raquo;<\/a><\/span><\/p>\n","protected":false},"author":4,"featured_media":0,"parent":0,"menu_order":0,"comment_status":"closed","ping_status":"closed","template":"","meta":{"footnotes":""},"class_list":["post-105","page","type-page","status-publish","hentry"],"_links":{"self":[{"href":"https:\/\/kardiologia-eksperymentalna.pl\/index.php\/wp-json\/wp\/v2\/pages\/105","targetHints":{"allow":["GET"]}}],"collection":[{"href":"https:\/\/kardiologia-eksperymentalna.pl\/index.php\/wp-json\/wp\/v2\/pages"}],"about":[{"href":"https:\/\/kardiologia-eksperymentalna.pl\/index.php\/wp-json\/wp\/v2\/types\/page"}],"author":[{"embeddable":true,"href":"https:\/\/kardiologia-eksperymentalna.pl\/index.php\/wp-json\/wp\/v2\/users\/4"}],"replies":[{"embeddable":true,"href":"https:\/\/kardiologia-eksperymentalna.pl\/index.php\/wp-json\/wp\/v2\/comments?post=105"}],"version-history":[{"count":10,"href":"https:\/\/kardiologia-eksperymentalna.pl\/index.php\/wp-json\/wp\/v2\/pages\/105\/revisions"}],"predecessor-version":[{"id":294,"href":"https:\/\/kardiologia-eksperymentalna.pl\/index.php\/wp-json\/wp\/v2\/pages\/105\/revisions\/294"}],"wp:attachment":[{"href":"https:\/\/kardiologia-eksperymentalna.pl\/index.php\/wp-json\/wp\/v2\/media?parent=105"}],"curies":[{"name":"wp","href":"https:\/\/api.w.org\/{rel}","templated":true}]}}