{"id":15,"date":"2015-07-31T13:18:30","date_gmt":"2015-07-31T11:18:30","guid":{"rendered":"https:\/\/kardiologia-eksperymentalna.pl\/?page_id=15"},"modified":"2025-11-04T18:25:37","modified_gmt":"2025-11-04T17:25:37","slug":"kontakt","status":"publish","type":"page","link":"https:\/\/kardiologia-eksperymentalna.pl\/index.php\/kontakt\/","title":{"rendered":"Kontakt"},"content":{"rendered":"<h3>Przewodnicz\u0105ca Zarz\u0105du Sekcji:<\/h3>\n<p>Dr hab. Marta Baranowska-Kuczko<\/p>\n<p><strong>Adres mailowy:<\/strong><\/p>\n<p>kardiologia-eksperymentalna@ptkardio.pl<\/p>\n<p><strong>Adres:<\/strong><\/p>\n<p>Zak\u0142ad Fizjologii i Patofizjologii Do\u015bwiadczalnej<br \/>Zak\u0142ad Farmacji Klinicznej<br \/>Uniwersytet Medyczny w Bia\u0142ymstoku<br \/>ul. Mickiewicza 2A<br \/>15-222 Bia\u0142ystok<\/p>\n\n\n<p><\/p>\n","protected":false},"excerpt":{"rendered":"<p>Przewodnicz\u0105ca Zarz\u0105du Sekcji: Dr hab. Marta Baranowska-Kuczko Adres mailowy: kardiologia-eksperymentalna@ptkardio.pl Adres: Zak\u0142ad Fizjologii i Patofizjologii Do\u015bwiadczalnejZak\u0142ad Farmacji KlinicznejUniwersytet Medyczny w Bia\u0142ymstokuul. Mickiewicza 2A15-222 Bia\u0142ystok<\/p>\n","protected":false},"author":1,"featured_media":0,"parent":0,"menu_order":0,"comment_status":"closed","ping_status":"closed","template":"","meta":{"footnotes":""},"class_list":["post-15","page","type-page","status-publish","hentry"],"_links":{"self":[{"href":"https:\/\/kardiologia-eksperymentalna.pl\/index.php\/wp-json\/wp\/v2\/pages\/15","targetHints":{"allow":["GET"]}}],"collection":[{"href":"https:\/\/kardiologia-eksperymentalna.pl\/index.php\/wp-json\/wp\/v2\/pages"}],"about":[{"href":"https:\/\/kardiologia-eksperymentalna.pl\/index.php\/wp-json\/wp\/v2\/types\/page"}],"author":[{"embeddable":true,"href":"https:\/\/kardiologia-eksperymentalna.pl\/index.php\/wp-json\/wp\/v2\/users\/1"}],"replies":[{"embeddable":true,"href":"https:\/\/kardiologia-eksperymentalna.pl\/index.php\/wp-json\/wp\/v2\/comments?post=15"}],"version-history":[{"count":15,"href":"https:\/\/kardiologia-eksperymentalna.pl\/index.php\/wp-json\/wp\/v2\/pages\/15\/revisions"}],"predecessor-version":[{"id":1180,"href":"https:\/\/kardiologia-eksperymentalna.pl\/index.php\/wp-json\/wp\/v2\/pages\/15\/revisions\/1180"}],"wp:attachment":[{"href":"https:\/\/kardiologia-eksperymentalna.pl\/index.php\/wp-json\/wp\/v2\/media?parent=15"}],"curies":[{"name":"wp","href":"https:\/\/api.w.org\/{rel}","templated":true}]}}