{"id":183,"date":"2018-04-09T14:28:56","date_gmt":"2018-04-09T12:28:56","guid":{"rendered":"https:\/\/kardiologia-eksperymentalna.pl\/?page_id=183"},"modified":"2019-08-12T12:59:30","modified_gmt":"2019-08-12T10:59:30","slug":"xxiii-sympozjum-sekcji-kardiologii-eksperymentalnej","status":"publish","type":"page","link":"https:\/\/kardiologia-eksperymentalna.pl\/index.php\/xxiii-sympozjum-sekcji-kardiologii-eksperymentalnej\/","title":{"rendered":"XXIII Sympozjum Sekcji Kardiologii Eksperymentalnej PTK"},"content":{"rendered":"<p style=\"text-align: left;\">W imieniu Komitetu Organizacyjnego mamy ogromny zaszczyt i wielk\u0105 przyjemno\u015b\u0107 zaprosi\u0107 Pa\u0144stwa do udzia\u0142u w Og\u00f3lnopolskim XXIII Sympozjum Sekcji Kardiologii Eksperymentalnej Polskiego Towarzystwa Kardiologicznego oraz Komitetu Nauk Fizjologicznych i Farmakologicznych PAN, kt\u00f3re odb\u0119dzie si\u0119 w dniach 15-17 listopada 2018 roku w \u0141odzi.<\/p>\n<p><strong>Wsp\u00f3\u0142organizatorem Sympozjum jest Zak\u0142ad Bada\u0144 Neuropeptyd\u00f3w Uniwersytetu Medycznego w \u0141odzi.<\/strong><\/p>\n<div class=\"text_exposed_show\">\n<p>Serdecznie zapraszamy wszystkich zainteresowanych badaniami z zakresu uk\u0142adu kr\u0105\u017cenia.<\/p>\n<p style=\"text-align: left;\">Sympozjum odb\u0119dzie w Hotelu Campoverde, ul. Grabi\u0144ska 43, 92-701 \u0141\u00f3d\u017a<\/p>\n<p><strong>Zach\u0119camy do odwiedzania strony&nbsp; internetowej&nbsp; oraz profilu Sympozjum na facebooku, na kt\u00f3rych b\u0119d\u0105 umieszczane wszystkie aktualne informacje.<\/strong><\/p>\n<\/div>\n<p>https:\/\/www.facebook.com\/XXIII-Sympozjum-Sekcji-Kardiologii-Eksperymentalnej-PTK-239035253335144\/<\/p>\n<p>Pytania oraz abstrakty prosimy kierowa\u0107 na adres: sympozjum-ptk@umed.lodz.pl<\/p>\n<p><a href=\"https:\/\/kardiologia-eksperymentalna.pl\/wp-content\/uploads\/2018\/11\/Program-i-streszczenia-SKE-PTK-2018.pdf\">Program i streszczenia SKE PTK 2018<\/a><\/p>\n<p>Rejestracji prosimy dokonywa\u0107 za pomoc\u0105 formularza <span class=\"text_exposed_show\"><br \/>\n<a href=\"https:\/\/docs.google.com\/forms\/d\/e\/1FAIpQLScDgt3MNoYYaXO4wo6rIFHy7SeoOnqlByC3JO6mQu-jyXnx0A\/viewform\" target=\"_blank\" rel=\"nofollow noopener noreferrer\" data-lynx-uri=\"https:\/\/l.facebook.com\/l.php?u=https%3A%2F%2Fdocs.google.com%2Fforms%2Fd%2Fe%2F1FAIpQLScDgt3MNoYYaXO4wo6rIFHy7SeoOnqlByC3JO6mQu-jyXnx0A%2Fviewform&amp;h=ATPgjCImcUF1iXK_KkqjIgoClXe3DoIYQeQDGqfxYhxpYwp0t4TgFP6JcIQt_upyDujH-ySunXYwM50Iy3PQE92F-DeasqsSr5Buw-bEj50RAlZZEulcrQ9iqeUs7StZ1qL9H5o\" data-ft=\"{&quot;tn&quot;:&quot;-U&quot;}\" data-lynx-mode=\"hover\">https:\/\/docs.google.com\/\u2026\/1FAIpQLScDgt3MNoYYaXO4wo\u2026\/viewform<\/a><\/span><\/p>\n<p>Po zarejestrowaniu do wszystkich uczestnik\u00f3w sympozjum zostan\u0105 rozes\u0142ane formatki wg kt\u00f3rych nale\u017cy przygotowa\u0107 abstrakt.&nbsp; Abstrakty mog\u0105 by\u0107 napisane w j\u0119zyku polskim b\u0105d\u017a angielskim, wyst\u0105pienia s\u0105 tylko w j. polskim.<\/p>\n<p><strong>Op\u0142ata rejestracyjna wynosi 250 z\u0142 &#8211; wniesiona do 15.10.2018 r<\/strong>.<\/p>\n<p>Od 16 pa\u017adziernika 2018 r.&nbsp; koszt op\u0142aty wzro\u015bnie do <strong>300<\/strong> <strong>z\u0142<\/strong>.<\/p>\n<p>W czasie trwania sympozjum s\u0105 zapewnione dla uczestnik\u00f3w posi\u0142ki: przerwy kawowe, obiady oraz kolacje.<\/p>\n<p>Numer konta bankowego Sekcji Kardiologii Eksperymentalnej :<\/p>\n<p><strong>36 1050 1012 1000 0023 2294 5771<\/strong><\/p>\n<p>Polskie Towarzystwo Kardiologiczne<br \/>\nul. Stawki 3 A lok. 1-2<br \/>\n00-193 Warszawa<br \/>\nNIP: 954-21-39-638<\/p>\n<p>tytu\u0142 przelewu: imi\u0119 i nazwisko, op\u0142ata rejestracyjna XXIII Sympozjum Sekcji Kardiologii Eksperymentalnej PTK<\/p>\n<p>Prosimy o dokonywanie wcze\u015bniejszej rezerwacji pokoi hotelowych wysy\u0142aj\u0105c wiadomo\u015b\u0107 z informacj\u0105 na adres sympozjum-ptk@umed.lodz.pl<\/p>\n<p style=\"text-align: left;\">Koszt pokoju (ze \u015bniadaniem): 1-osobowy\/ 1 doba &#8211; 170 z\u0142, pok\u00f3j 2-osobowy\/1 doba &#8211; 260 z\u0142, apartament (2-pokojowy, z 4 b\u0105d\u017a 2 \u0142\u00f3\u017ckami) &#8211; 580 z\u0142\/1 doba (dla 4 os\u00f3b) lub 540 z\u0142\/1 doba (dla 2 os\u00f3b)<\/p>\n<p>Op\u0142at\u0119 za pok\u00f3j hotelowy prosimy dokona\u0107 na miejscu got\u00f3wk\u0105 lub kart\u0105 p\u0142atnicz\u0105. B\u0119dzie te\u017c mo\u017cliwo\u015b\u0107 otrzymania faktury za us\u0142ugi hotelowe.<\/p>\n<h3><strong>Wspieraj\u0105 nas:<\/strong><\/h3>\n<h6><em><strong>Komitet Nauk Fizjologicznych i Farmakologicznych PAN<\/strong><\/em><\/h6>\n<p><img loading=\"lazy\" decoding=\"async\" class=\"alignleft\" src=\"https:\/\/informacje.pan.pl\/images\/media\/logotypy\/PAN-logotyp-kolor.jpg\" alt=\"POLSKA AKADEMIA NAUK\" width=\"120\" height=\"95\"><\/p>\n<p><img loading=\"lazy\" decoding=\"async\" class=\"scaledImageFitWidth img alignleft\" src=\"https:\/\/scontent-waw1-1.xx.fbcdn.net\/v\/t45.1600-4\/cp0\/q90\/c0.29.598.312\/s552x414\/30789749_23842837938650514_6381088681817538560_n.png.jpg?_nc_cat=110&amp;efg=eyJxZV9ncm91cHMiOlsibm9fc2FmZV9pbWFnZV9mb3JfYWRzX2ltYWdlIl19&amp;oh=902eb1a055f5ef804bfbad610a8f4f44&amp;oe=5C1920C0\" alt=\"\" width=\"180\" height=\"94\" data-ad-preview=\"image\" aria-label=\"Brak automatycznego tekstu alternatywnego.\"><\/p>\n<p>&nbsp;<\/p>\n<p><img loading=\"lazy\" decoding=\"async\" class=\"gfx-res top-logo m2-hidden alignnone\" title=\"\" src=\"http:\/\/www.biogenet.pl\/assets\/gfx\/top-logo.png\" alt=\"\" width=\"218\" height=\"58\"><\/p>\n<div class=\"text_exposed_show\">\n<p><img loading=\"lazy\" decoding=\"async\" class=\"shrinkToFit alignleft\" src=\"http:\/\/www.genomed.pl\/images\/stories\/genomed_logo_blysk.jpg\" alt=\"http:\/\/www.genomed.pl\/images\/stories\/genomed_logo_blysk.jpg\" width=\"203\" height=\"57\"><\/p>\n<\/div>\n<p><img loading=\"lazy\" decoding=\"async\" class=\"\" src=\"https:\/\/genos.com.pl\/wp-content\/uploads\/2017\/11\/LOGO-nowe-719x1044.png\" alt=\"Znalezione obrazy dla zapytania genos \u00c5\u0082\u00c3\u00b3d\u00c5\u00ba\" width=\"85\" height=\"123\"><img loading=\"lazy\" decoding=\"async\" class=\"\" src=\"https:\/\/www.vectorlogo.es\/wp-content\/uploads\/2017\/07\/logo-vector-promega.jpg\" alt=\"Podobny obraz\" width=\"220\" height=\"112\"><img loading=\"lazy\" decoding=\"async\" class=\"\" src=\"http:\/\/umed.pl\/pliki\/2016\/09\/umed.jpg\" alt=\"Znalezione obrazy dla zapytania umed\" width=\"216\" height=\"216\"><img loading=\"lazy\" decoding=\"async\" class=\"\" src=\"http:\/\/pollasa.pl\/wp-content\/uploads\/2015\/01\/AnimaLab-nowe-logo.jpg\" alt=\"Znalezione obrazy dla zapytania animalab\" width=\"221\" height=\"34\"><\/p>\n<p>&nbsp;<\/p>\n<p>&nbsp;<\/p>\n<p>&nbsp;<\/p>\n<p>&nbsp;<\/p>\n<p>&nbsp;<\/p>\n<p>&nbsp;<\/p>\n<p>&nbsp;<\/p>\n<p>&nbsp;<\/p>\n<p>&nbsp;<\/p>\n<p>&nbsp;<\/p>\n<p>&nbsp;<\/p>\n<p>&nbsp;<\/p>\n<p>&nbsp;<\/p>\n<p>&nbsp;<\/p>\n<p>&nbsp;<\/p>\n<p>&nbsp;<\/p>\n<p>&nbsp;<\/p>\n<p>&nbsp;<\/p>\n<p>&nbsp;<\/p>\n<p>&nbsp;<\/p>\n<p>&nbsp;<\/p>\n<p>&nbsp;<\/p>\n<div class=\"text_exposed_show\">\n<p>&nbsp;<\/p>\n<\/div>\n","protected":false},"excerpt":{"rendered":"<p>W imieniu Komitetu Organizacyjnego mamy ogromny zaszczyt i wielk\u0105 przyjemno\u015b\u0107 zaprosi\u0107 Pa\u0144stwa do udzia\u0142u w Og\u00f3lnopolskim XXIII Sympozjum Sekcji Kardiologii Eksperymentalnej Polskiego Towarzystwa Kardiologicznego oraz Komitetu Nauk Fizjologicznych i Farmakologicznych PAN, kt\u00f3re odb\u0119dzie si\u0119 w dniach 15-17 listopada 2018 roku w \u0141odzi. Wsp\u00f3\u0142organizatorem Sympozjum jest Zak\u0142ad Bada\u0144 Neuropeptyd\u00f3w Uniwersytetu Medycznego w \u0141odzi. Serdecznie zapraszamy wszystkich\u2026 <span class=\"read-more\"><a href=\"https:\/\/kardiologia-eksperymentalna.pl\/index.php\/xxiii-sympozjum-sekcji-kardiologii-eksperymentalnej\/\">Dowiedz si\u0119 wi\u0119cej &raquo;<\/a><\/span><\/p>\n","protected":false},"author":1,"featured_media":0,"parent":0,"menu_order":0,"comment_status":"closed","ping_status":"closed","template":"","meta":{"footnotes":""},"class_list":["post-183","page","type-page","status-publish","hentry"],"_links":{"self":[{"href":"https:\/\/kardiologia-eksperymentalna.pl\/index.php\/wp-json\/wp\/v2\/pages\/183","targetHints":{"allow":["GET"]}}],"collection":[{"href":"https:\/\/kardiologia-eksperymentalna.pl\/index.php\/wp-json\/wp\/v2\/pages"}],"about":[{"href":"https:\/\/kardiologia-eksperymentalna.pl\/index.php\/wp-json\/wp\/v2\/types\/page"}],"author":[{"embeddable":true,"href":"https:\/\/kardiologia-eksperymentalna.pl\/index.php\/wp-json\/wp\/v2\/users\/1"}],"replies":[{"embeddable":true,"href":"https:\/\/kardiologia-eksperymentalna.pl\/index.php\/wp-json\/wp\/v2\/comments?post=183"}],"version-history":[{"count":4,"href":"https:\/\/kardiologia-eksperymentalna.pl\/index.php\/wp-json\/wp\/v2\/pages\/183\/revisions"}],"predecessor-version":[{"id":295,"href":"https:\/\/kardiologia-eksperymentalna.pl\/index.php\/wp-json\/wp\/v2\/pages\/183\/revisions\/295"}],"wp:attachment":[{"href":"https:\/\/kardiologia-eksperymentalna.pl\/index.php\/wp-json\/wp\/v2\/media?parent=183"}],"curies":[{"name":"wp","href":"https:\/\/api.w.org\/{rel}","templated":true}]}}