{"id":244,"date":"2018-11-20T11:29:58","date_gmt":"2018-11-20T10:29:58","guid":{"rendered":"https:\/\/kardiologia-eksperymentalna.pl\/?page_id=244"},"modified":"2019-11-21T15:37:43","modified_gmt":"2019-11-21T14:37:43","slug":"xxiv-sympozjum-sekcji-kardiologii-eksperymentalnej","status":"publish","type":"page","link":"https:\/\/kardiologia-eksperymentalna.pl\/index.php\/xxiv-sympozjum-sekcji-kardiologii-eksperymentalnej\/","title":{"rendered":"XXIV Sympozjum Sekcji Kardiologii Eksperymentalnej Polskiego Towarzystwa Kardiologicznego"},"content":{"rendered":"<hr \/>\n<p><strong>TERMIN:<br \/><\/strong><strong>28-30 listopada 2019 roku<br \/><\/strong><strong>Termin nadsy\u0142ania streszcze\u0144: <span style=\"color: #ff0000;\"><strong>15<\/strong> pa\u017adziernika 2019 r !!!<br \/><\/span><span style=\"color: #ff0000;\"><span style=\"color: #000000;\">Termin obowi\u0105zywania podstawowej op\u0142aty rejestracyjnej (250 z\u0142):<\/span> 31 pa\u017adziernika 2019 r !!!<\/span><\/strong><\/p>\n<hr \/>\n<p><strong>MIEJSCE OBRAD:<br \/><\/strong>Hotel Dw\u00f3r w Tomaszowicach k\/Krakowa<br \/>Ul. Krakowska 68<br \/>32-085 Tomaszowice<\/p>\n<p><a href=\"https:\/\/kardiologia-eksperymentalna.pl\/wp-content\/uploads\/2019\/08\/Dojazd-.pdf\">DOJAZD<\/a><\/p>\n<hr \/>\n<p><strong>ORGANIZATOR:<br \/><\/strong>Polskie Towarzystwo Kardiologiczne<br \/>ul. Stawki 3 A lok. 1-2<br \/>00-193 Warszawa<br \/>NIP: 954-21-39-638<\/p>\n<hr \/>\n<p><strong>OPIS KONFERENCJI:<br \/><\/strong>Po raz kolejny mamy zaszczyt i przyjemno\u015b\u0107 zaprosi\u0107 Pa\u0144stwa do udzia\u0142u w XXIV Sympozjum Sekcji Kardiologii Eksperymentalnej Polskiego Towarzystwa Kardiologicznego oraz Komitetu Nauk Fizjologicznych i Farmakologicznych PAN.<\/p>\n<p>Jak co roku \u201eKardiologia Eksperymentalna\u201d b\u0119dzie okazj\u0105 do interdyscyplinarnego spotkania naukowc\u00f3w, eksperymentator\u00f3w, fizjolog\u00f3w, a tak\u017ce klinicyst\u00f3w. Spotkanie odb\u0119dzie si\u0119 przy wsparciu Komitetu Nauk Fizjologicznych i Farmakologicznych PAN z udzia\u0142em przede wszystkim m\u0142odych, ale tak\u017ce do\u015bwiadczonych badaczy z obszaru kardiologii, fizjologii, molekularnej biologii, biofizyki i biologii kom\u00f3rkowej.<\/p>\n<p>Zgodnie z wieloletni\u0105 tradycj\u0105, pod okiem ekspert\u00f3w, b\u0119dziemy mieli mo\u017cliwo\u015b\u0107 wsp\u00f3lnie przedyskutowa\u0107 wyniki Pa\u0144stwa ostatnich osi\u0105gni\u0119\u0107 naukowych, kt\u00f3re b\u0119d\u0105 mog\u0142y by\u0107 przedstawione w formie ustnej lub plakatowej. Wszystkie streszczenia zakwalifikowane do prezentacji w czasie Sympozjum wezm\u0105 udzia\u0142 w konkursie na najlepsze doniesienie oryginalne.<\/p>\n<p>Wyk\u0142ad plenarny pt.&#8221;Nieprawid\u0142owa budowa i czynno\u015b\u0107 fibryny &#8211; nowy czynnik ryzyka powik\u0142a\u0144 zakrzepowo-zatorowych&#8221; wyg\u0142osi Prof. dr hab. Anetta Undas, kierownik Zak\u0142adu Kardiochirurgii, Anestezjologii i Kardiologii Do\u015bwiadczalnej Instytutu Kardiologii Collegium Medicum Uniwersytetu Jagiello\u0144skiego.<\/p>\n<p><a href=\"https:\/\/kardiologia-eksperymentalna.pl\/wp-content\/uploads\/2019\/08\/Zaproszenie.pdf\">ZAPROSZENIE pdf<\/a><\/p>\n<hr \/>\n<p><strong>REJESTRACJA:<\/strong><\/p>\n<p>Rejestracji prosimy dokonywa\u0107 poprzez <a href=\"https:\/\/kardiologia-eksperymentalna.pl\/wp-content\/uploads\/2019\/08\/Formularz-rejestracyjny-XXIV-SKE.docx\">FORMULARZ REJESTRACYJNY<\/a>.<\/p>\n<p><strong>Skan wype\u0142nionego i podpisanego formularza rejestracyjnego prosimy przes\u0142a\u0107 na adres mailowy: <a href=\"mailto:kardio.exp@gmail.com\">kardio.exp@gmail.com<\/a>\u00a0\u00a0<\/strong><\/p>\n<p>Poprzez odes\u0142anie podpisanego formularza rejestracyjnego Uczestnik o\u015bwiadcza, \u017ce zapozna\u0142 si\u0119 z regulaminem rejestracji uczestnik\u00f3w XXIV Sympozjum SKE oraz z informacj\u0105 dotycz\u0105c\u0105 danych osobowych zawart\u0105 w za\u0142\u0105czniku nr 1 do niniejszego formularza:<\/p>\n<p><a href=\"https:\/\/kardiologia-eksperymentalna.pl\/wp-content\/uploads\/2019\/08\/Regulamin-rejestracji-uczestnik\u00f3w_XXIV-Sympozjum-SKE-PTK.pdf\">REGULAMIN REJESTRACJI<\/a><br \/><a href=\"https:\/\/kardiologia-eksperymentalna.pl\/wp-content\/uploads\/2019\/08\/Klauzula-informacyjna_XXIV-SKE.pdf\">ZA\u0141\u0104CZNIK nr 1<\/a><\/p>\n<hr \/>\n<p><strong>OP\u0141ATY:<br \/><\/strong>Warunkiem uczestnictwa w obradach jest wniesienie op\u0142aty rejestracyjnej:<\/p>\n<ul>\n<li style=\"list-style-type: none;\">\n<ul>\n<li>250 z\u0142 \u2013 do 31 pa\u017adziernika 2019 r.<\/li>\n<li>500 z\u0142 \u2013 od 1 listopada 2019 r.<\/li>\n<\/ul>\n<\/li>\n<\/ul>\n<p>Op\u0142at\u0119 nale\u017cy ui\u015bci\u0107 na rachunek bankowy Organizatora &#8211; Sekcji Kardiologii Eksperymentalnej PTK:<br \/>ING Bank \u015al\u0105ski, numer konta: <strong>36 1050 1012 1000 0023 2294 5771<br \/><\/strong>W tytule przelewu prosimy wpisa\u0107: <strong>&#8222;Sympozjum SKE, imi\u0119 i nazwisko uczestnika&#8221;.<\/strong><\/p>\n<hr \/>\n<p><strong>STRESZCZENIA:<br \/><\/strong>Streszczenia prosimy zg\u0142asza\u0107 za po\u015brednictwem Systemu Abstraktowego PTK poprzez link<br \/><a href=\"http:\/\/abstrakty.ptkardio.pl\/konferencje\">\u00a0ZG\u0141O\u015a ABSTRAKT <\/a><\/p>\n<p>Streszczenia do prezentacji ustnej lub plakatowej mog\u0105 by\u0107 zg\u0142aszane w j\u0119zyku polskim lub angielskim, w poni\u017cszych kategoriach tematycznych:<br \/>&#8211; Fizjologia i patofizjologia \u015br\u00f3db\u0142onka<br \/>&#8211; Kardioonkologia<br \/>&#8211; Kom\u00f3rki macierzyste w kardiologii regeneracyjnej<br \/>&#8211; Lipidy, mikrobiota jelitowa i aspekty dietetyczne<br \/>&#8211; Modele eksperymentalne chor\u00f3b uk\u0142adu sercowo-naczyniowego<br \/>&#8211; Nowoczesne biomarkery ryzyka sercowo-naczyniowego<br \/>&#8211; P\u0142ytki krwi, krzepni\u0119cie i fibrynoliza<br \/>&#8211; Regulacja odruchowa i elektrofizjologia<br \/>&#8211; Techniki omiczne w kardiologii<br \/>&#8211; Varia<\/p>\n<p>Maksymalna ilo\u015b\u0107 znak\u00f3w &#8211; 2000 (ze spacjami). Szczeg\u00f3\u0142owe instrukcje dost\u0119pne s\u0105 w Systemie Abstraktowym.<\/p>\n<p>Termin nadsy\u0142ania streszcze\u0144: <strong><span style=\"color: #ff0000;\">15 pa\u017adziernika 2019 r !!!<br \/><\/span><\/strong><\/p>\n<hr \/>\n<p><strong>PREZENTACJE USTNE I PLAKATOWE:<\/strong><\/p>\n<ul>\n<li style=\"list-style-type: none;\">\n<ul>\n<li>Czas prezentacji ustnej:\u00a0<strong>10 minut + 5 minut dyskusji<\/strong><\/li>\n<li>Preferowany rozmiar plakatu <strong>B1 (707 mm x 1000 mm)<\/strong>, orientacja pionowa, wielko\u015b\u0107 tablicy korkowej 850 mm x 1160 mm<\/li>\n<\/ul>\n<\/li>\n<\/ul>\n<hr \/>\n<p><strong>REZERWACJA NOCLEG\u00d3W:<br \/><\/strong>Rezerwacji zakwaterowania nale\u017cy dokonywa\u0107 bezpo\u015brednio przez stron\u0119 Centrum Konferencyjnego, Hotel Dw\u00f3r w Tomaszowicach: <a href=\"http:\/\/www.dwor.pl\/\">http:\/\/www.dwor.pl<\/a><br \/>Adres rezerwacji: <a href=\"mailto:%20recepcja@dwor.pl\">recepcja@dwor.pl<\/a><br \/>Has\u0142o rezerwacji: \u201eKardiologia Eksperymentalna\u201d<br \/>Tel. +48 12\u00a0419 20 00<\/p>\n<hr \/>\n<p><strong>PROGRAM<\/strong><\/p>\n<p>Wyk\u0142ad plenarny pt.&#8221;Nieprawid\u0142owa budowa i czynno\u015b\u0107 fibryny &#8211; nowy czynnik ryzyka powik\u0142a\u0144 zakrzepowo-zatorowych&#8221; wyg\u0142osi Prof. dr hab. Anetta Undas, kierownik Zak\u0142adu Kardiochirurgii, Anestezjologii i Kardiologii Do\u015bwiadczalnej Instytutu Kardiologii Collegium Medicum Uniwersytetu Jagiello\u0144skiego.<\/p>\n<p><a href=\"https:\/\/kardiologia-eksperymentalna.pl\/wp-content\/uploads\/2019\/11\/Program-Ramowy-XXIV-SKE-PTK.pdf\">PROGRAM RAMOWY SYMPOZJUM<\/a><\/p>\n<hr \/>\n<p><strong>KOMITET NAUKOWY:<\/strong><\/p>\n<p>Prof. Maciej Kurpisz <em>&#8211; Przewodnicz\u0105cy Komitetu Naukowego<\/em><br \/>Prof. Ewa Chabielska<br \/>Prof. Stefan Ch\u0142opicki<br \/>Prof. Agnieszka Cudnoch-J\u0119drzejewska<br \/>Prof. J\u00f3zef Dulak<br \/>Prof. Ewa Ko\u017aniewska-Ko\u0142odziejska<br \/>Prof. Ewa S\u0142omi\u0144ska<br \/>Prof. Ryszard T. Smole\u0144ski<br \/>Prof. Krzysztof \u017bmudka<\/p>\n<hr \/>\n<p><strong>KOMITET ORGANIZACYJNY:<\/strong><\/p>\n<p><em>Przewodnicz\u0105ca Komitetu Organizacyjnego:<\/em><br \/>Dr hab. prof. UJ Ewa St\u0119pie\u0144<br \/>Instytut Fizyki im. M Smoluchowskiego<br \/>Wydzia\u0142 Fizyki Astronomii i Informatyki Stosowanej<br \/>Uniwersytet Jagiello\u0144ski<\/p>\n<p><em>Zast\u0119pca Przewodnicz\u0105cej\u00a0Komitetu Organizacyjnego:<\/em><br \/>Dr Anna Gromotowicz-Pop\u0142awska<br \/>Zak\u0142ad Biofarmacji<br \/>Uniwersytet Medyczny w Bia\u0142ymstoku<\/p>\n<p><em>Cz\u0142onek Komitetu Organizacyjnego:<\/em><br \/>Dr hab. Natalia Rozwadowska<br \/>Zak\u0142ad Patologii Molekularnej<br \/>Instytut Genetyki Cz\u0142owieka Polskiej Akademii Nauk<\/p>\n<hr \/>\n<p><strong>SPONSORZY:<\/strong><\/p>\n<p>\u00a0<\/p>\n<p><a href=\"http:\/\/animalab.eu\/pl\/\"><img loading=\"lazy\" decoding=\"async\" class=\"alignnone size-medium wp-image-352\" src=\"https:\/\/kardiologia-eksperymentalna.pl\/wp-content\/uploads\/2019\/11\/AnimaLab-Logo-PL-300x44.png\" alt=\"\" width=\"300\" height=\"44\" srcset=\"https:\/\/kardiologia-eksperymentalna.pl\/wp-content\/uploads\/2019\/11\/AnimaLab-Logo-PL-300x44.png 300w, https:\/\/kardiologia-eksperymentalna.pl\/wp-content\/uploads\/2019\/11\/AnimaLab-Logo-PL-768x114.png 768w, https:\/\/kardiologia-eksperymentalna.pl\/wp-content\/uploads\/2019\/11\/AnimaLab-Logo-PL-1024x151.png 1024w, https:\/\/kardiologia-eksperymentalna.pl\/wp-content\/uploads\/2019\/11\/AnimaLab-Logo-PL-1200x178.png 1200w\" sizes=\"auto, (max-width: 300px) 100vw, 300px\" \/><\/a><\/p>\n<p><a href=\"https:\/\/www.bmgrp.com\/\"><img loading=\"lazy\" decoding=\"async\" class=\"wp-image-329 alignleft\" src=\"https:\/\/kardiologia-eksperymentalna.pl\/wp-content\/uploads\/2019\/10\/biomedica_logo_small_300dpi-300x129.jpg\" alt=\"\" width=\"196\" height=\"84\" srcset=\"https:\/\/kardiologia-eksperymentalna.pl\/wp-content\/uploads\/2019\/10\/biomedica_logo_small_300dpi-300x129.jpg 300w, https:\/\/kardiologia-eksperymentalna.pl\/wp-content\/uploads\/2019\/10\/biomedica_logo_small_300dpi-768x330.jpg 768w, https:\/\/kardiologia-eksperymentalna.pl\/wp-content\/uploads\/2019\/10\/biomedica_logo_small_300dpi-1024x440.jpg 1024w, https:\/\/kardiologia-eksperymentalna.pl\/wp-content\/uploads\/2019\/10\/biomedica_logo_small_300dpi-1200x516.jpg 1200w, https:\/\/kardiologia-eksperymentalna.pl\/wp-content\/uploads\/2019\/10\/biomedica_logo_small_300dpi.jpg 1500w\" sizes=\"auto, (max-width: 196px) 100vw, 196px\" \/><\/a><\/p>\n<p>\u00a0<\/p>\n<p>\u00a0<\/p>\n<p>\u00a0<\/p>\n<p><a href=\"https:\/\/dicella.com\/page\/main\/\"><img loading=\"lazy\" decoding=\"async\" class=\"alignnone  wp-image-340\" src=\"https:\/\/kardiologia-eksperymentalna.pl\/wp-content\/uploads\/2019\/11\/logo_dicella_podstawowe_INTERNET-300x116.png\" alt=\"\" width=\"166\" height=\"64\" srcset=\"https:\/\/kardiologia-eksperymentalna.pl\/wp-content\/uploads\/2019\/11\/logo_dicella_podstawowe_INTERNET-300x116.png 300w, https:\/\/kardiologia-eksperymentalna.pl\/wp-content\/uploads\/2019\/11\/logo_dicella_podstawowe_INTERNET-768x296.png 768w, https:\/\/kardiologia-eksperymentalna.pl\/wp-content\/uploads\/2019\/11\/logo_dicella_podstawowe_INTERNET-1024x395.png 1024w, https:\/\/kardiologia-eksperymentalna.pl\/wp-content\/uploads\/2019\/11\/logo_dicella_podstawowe_INTERNET-1200x463.png 1200w\" sizes=\"auto, (max-width: 166px) 100vw, 166px\" \/><\/a><\/p>\n<p><a href=\"http:\/\/www.bionicum.com.pl\/\"><img loading=\"lazy\" decoding=\"async\" class=\"alignnone  wp-image-336\" src=\"https:\/\/kardiologia-eksperymentalna.pl\/wp-content\/uploads\/2019\/11\/Logo-Bionicum.jpg\" alt=\"\" width=\"178\" height=\"117\" \/><\/a><\/p>\n<p>\u00a0<\/p>\n<p><a href=\"https:\/\/www.omixys.pl\/\"><img loading=\"lazy\" decoding=\"async\" class=\"alignnone  wp-image-344\" src=\"https:\/\/kardiologia-eksperymentalna.pl\/wp-content\/uploads\/2019\/11\/logo-omixys-final-jpg-300x104.jpg\" alt=\"\" width=\"159\" height=\"55\" \/><\/a><\/p>\n<p>\u00a0<\/p>\n<p><a href=\"https:\/\/alab.com.pl\/\"><img loading=\"lazy\" decoding=\"async\" class=\"wp-image-357 alignleft\" src=\"https:\/\/kardiologia-eksperymentalna.pl\/wp-content\/uploads\/2019\/11\/ALAB_logo_white_CMYK-300x81.jpg\" alt=\"\" width=\"155\" height=\"42\" srcset=\"https:\/\/kardiologia-eksperymentalna.pl\/wp-content\/uploads\/2019\/11\/ALAB_logo_white_CMYK-300x81.jpg 300w, https:\/\/kardiologia-eksperymentalna.pl\/wp-content\/uploads\/2019\/11\/ALAB_logo_white_CMYK-768x208.jpg 768w, https:\/\/kardiologia-eksperymentalna.pl\/wp-content\/uploads\/2019\/11\/ALAB_logo_white_CMYK-1024x277.jpg 1024w, https:\/\/kardiologia-eksperymentalna.pl\/wp-content\/uploads\/2019\/11\/ALAB_logo_white_CMYK.jpg 1200w\" sizes=\"auto, (max-width: 155px) 100vw, 155px\" \/><\/a><\/p>\n<p>\u00a0<\/p>\n<p>\u00a0<\/p>\n<p>\u00a0<\/p>\n<p><strong>Patronat medialny:<\/strong><\/p>\n<p><a href=\"https:\/\/medtube.pl\"><img loading=\"lazy\" decoding=\"async\" class=\"\" src=\"https:\/\/medtube.net\/userfiles\/medtube-logo-HD.png\" width=\"283\" height=\"159\" \/><\/a><\/p>\n<hr \/>\n<p><strong>KONTAKT:<br \/><\/strong><\/p>\n<p>Siedziba Komitetu Organizacyjnego:<\/p>\n<p>Instytut Fizyki im. M Smoluchowskiego<br \/>Wydzia\u0142 Fizyki Astronomii i Informatyki Stosowanej<br \/>Uniwersytet Jagiello\u0144ski<br \/>Ul. \u0141ojasiewicza 11, pok. D1.28<br \/>30-348 Krak\u00f3w<\/p>\n<p>Kontakt: dr hab. prof. UJ Ewa St\u0119pie\u0144<br \/>Email: kardio.exp@gmail.com<\/p>\n\n\n<p><\/p>\n","protected":false},"excerpt":{"rendered":"<p>TERMIN:28-30 listopada 2019 rokuTermin nadsy\u0142ania streszcze\u0144: 15 pa\u017adziernika 2019 r !!!Termin obowi\u0105zywania podstawowej op\u0142aty rejestracyjnej (250 z\u0142): 31 pa\u017adziernika 2019 r !!! MIEJSCE OBRAD:Hotel Dw\u00f3r w Tomaszowicach k\/KrakowaUl. Krakowska 6832-085 Tomaszowice DOJAZD ORGANIZATOR:Polskie Towarzystwo Kardiologiczneul. Stawki 3 A lok. 1-200-193 WarszawaNIP: 954-21-39-638 OPIS KONFERENCJI:Po raz kolejny mamy zaszczyt i przyjemno\u015b\u0107 zaprosi\u0107 Pa\u0144stwa do udzia\u0142u w\u2026 <span class=\"read-more\"><a href=\"https:\/\/kardiologia-eksperymentalna.pl\/index.php\/xxiv-sympozjum-sekcji-kardiologii-eksperymentalnej\/\">Dowiedz si\u0119 wi\u0119cej &raquo;<\/a><\/span><\/p>\n","protected":false},"author":1,"featured_media":0,"parent":0,"menu_order":0,"comment_status":"closed","ping_status":"closed","template":"","meta":{"footnotes":""},"class_list":["post-244","page","type-page","status-publish","hentry"],"_links":{"self":[{"href":"https:\/\/kardiologia-eksperymentalna.pl\/index.php\/wp-json\/wp\/v2\/pages\/244","targetHints":{"allow":["GET"]}}],"collection":[{"href":"https:\/\/kardiologia-eksperymentalna.pl\/index.php\/wp-json\/wp\/v2\/pages"}],"about":[{"href":"https:\/\/kardiologia-eksperymentalna.pl\/index.php\/wp-json\/wp\/v2\/types\/page"}],"author":[{"embeddable":true,"href":"https:\/\/kardiologia-eksperymentalna.pl\/index.php\/wp-json\/wp\/v2\/users\/1"}],"replies":[{"embeddable":true,"href":"https:\/\/kardiologia-eksperymentalna.pl\/index.php\/wp-json\/wp\/v2\/comments?post=244"}],"version-history":[{"count":57,"href":"https:\/\/kardiologia-eksperymentalna.pl\/index.php\/wp-json\/wp\/v2\/pages\/244\/revisions"}],"predecessor-version":[{"id":377,"href":"https:\/\/kardiologia-eksperymentalna.pl\/index.php\/wp-json\/wp\/v2\/pages\/244\/revisions\/377"}],"wp:attachment":[{"href":"https:\/\/kardiologia-eksperymentalna.pl\/index.php\/wp-json\/wp\/v2\/media?parent=244"}],"curies":[{"name":"wp","href":"https:\/\/api.w.org\/{rel}","templated":true}]}}