{"id":380,"date":"2020-06-25T11:25:39","date_gmt":"2020-06-25T09:25:39","guid":{"rendered":"https:\/\/kardiologia-eksperymentalna.pl\/?page_id=380"},"modified":"2025-09-04T21:01:28","modified_gmt":"2025-09-04T19:01:28","slug":"xxv-sympozjum-sekcji-kardiologii-eksperymentalnej","status":"publish","type":"page","link":"https:\/\/kardiologia-eksperymentalna.pl\/index.php\/xxv-sympozjum-sekcji-kardiologii-eksperymentalnej\/","title":{"rendered":"XXV Sympozjum Sekcji Kardiologii Eksperymentalnej Polskiego Towarzystwa Kardiologicznego"},"content":{"rendered":"<hr \/>\n<p><strong>TERMINY:<br \/><\/strong>Sympozjum odbywa si\u0119<span style=\"color: #000000;\"> w dniach <\/span><strong><span style=\"color: #ff0000;\">21- 23 pa\u017adziernika 2021 r.<\/span><br \/>Termin nadsy\u0142ania streszcze\u0144: <\/strong><strong><span style=\"color: #ff0000;\">31 lipca 2021 r !!!<\/span><br \/><\/strong><strong>Termin ostateczny wniesienia podstawowej op\u0142aty rejestracyjnej (330 z\u0142):<\/strong><strong>\u00a0<span style=\"color: #ff0000;\">16 sierpnia 2021 r !!!<\/span><\/strong><\/p>\n<hr \/>\n<p><strong>MIEJSCE OBRAD:<br \/><\/strong>Dom Pracy Tw\u00f3rczej Stowarzyszenia Dziennikarzy Polskich<br \/>ul. Ma\u0142achowskiego 17<br \/>24-120 Kazimierz Dolny<\/p>\n<p><a href=\"https:\/\/goo.gl\/maps\/PhhxK4LN5kXELpvr5\">MAPA DOJAZDU<\/a><\/p>\n<div id=\"attachment_499\" style=\"width: 310px\" class=\"wp-caption alignleft\"><a href=\"https:\/\/kardiologia-eksperymentalna.pl\/wp-content\/uploads\/2021\/10\/Wjazd.jpg\"><img loading=\"lazy\" decoding=\"async\" aria-describedby=\"caption-attachment-499\" class=\"size-medium wp-image-499\" src=\"https:\/\/kardiologia-eksperymentalna.pl\/wp-content\/uploads\/2021\/10\/Wjazd-300x205.jpg\" alt=\"\" width=\"300\" height=\"205\" srcset=\"https:\/\/kardiologia-eksperymentalna.pl\/wp-content\/uploads\/2021\/10\/Wjazd-300x205.jpg 300w, https:\/\/kardiologia-eksperymentalna.pl\/wp-content\/uploads\/2021\/10\/Wjazd-660x451.jpg 660w, https:\/\/kardiologia-eksperymentalna.pl\/wp-content\/uploads\/2021\/10\/Wjazd.jpg 712w\" sizes=\"auto, (max-width: 300px) 100vw, 300px\" \/><\/a><p id=\"caption-attachment-499\" class=\"wp-caption-text\"><em>Wjazd z W\u0105wozu Ma\u0142achowskiego do miejsca obrad \u2013 Domu Pracy Tw\u00f3rczej Stowarzyszenia Dziennikarzy Polskich w Kazimierzu Dolnym (wjazd z lewej strony przez bram\u0119, nast\u0119pnie nale\u017cy skr\u0119ci\u0107 w lewo).<\/em><\/p><\/div>\n<div id=\"attachment_500\" style=\"width: 310px\" class=\"wp-caption alignleft\"><a href=\"https:\/\/kardiologia-eksperymentalna.pl\/wp-content\/uploads\/2021\/10\/Miejsce-obrad.jpg\"><img loading=\"lazy\" decoding=\"async\" aria-describedby=\"caption-attachment-500\" class=\"size-medium wp-image-500\" src=\"https:\/\/kardiologia-eksperymentalna.pl\/wp-content\/uploads\/2021\/10\/Miejsce-obrad-300x204.jpg\" alt=\"\" width=\"300\" height=\"204\" srcset=\"https:\/\/kardiologia-eksperymentalna.pl\/wp-content\/uploads\/2021\/10\/Miejsce-obrad-300x204.jpg 300w, https:\/\/kardiologia-eksperymentalna.pl\/wp-content\/uploads\/2021\/10\/Miejsce-obrad-660x450.jpg 660w, https:\/\/kardiologia-eksperymentalna.pl\/wp-content\/uploads\/2021\/10\/Miejsce-obrad.jpg 713w\" sizes=\"auto, (max-width: 300px) 100vw, 300px\" \/><\/a><p id=\"caption-attachment-500\" class=\"wp-caption-text\"><em>Miejsce obrad XXV Sympozjum<\/em><br \/><em>Sekcji Kardiologii Eksperymentalnej Polskiego Towarzystwa Kardiologicznego<\/em><br \/><em>\u2013 Dom Pracy Tw\u00f3rczej Stowarzyszenia Dziennikarzy Polskich w Kazimierzu Dolnym.<\/em><\/p><\/div>\n<p>\u00a0<\/p>\n<p>\u00a0<\/p>\n<p>\u00a0<\/p>\n<p>\u00a0<\/p>\n<p>\u00a0<\/p>\n<p>\u00a0<\/p>\n<p>\u00a0<\/p>\n<p>\u00a0<\/p>\n<hr \/>\n<p>\u00a0<\/p>\n<p><span style=\"color: #000000;\"><strong>ORGANIZATOR:<br \/><\/strong><\/span><\/p>\n<p><span style=\"color: #000000;\">Polskie Towarzystwo Kardiologiczne<\/span><br \/><span style=\"color: #000000;\">ul. Stawki 3 A lok. 1-2<\/span><br \/><span style=\"color: #000000;\">00-193 Warszawa<\/span><br \/><span style=\"color: #000000;\">NIP: 954-21-39-638<\/span><\/p>\n<hr \/>\n<p><strong>ZAPROSZENIE:<\/strong><\/p>\n<p>Mamy zaszczyt i przyjemno\u015b\u0107 zaprosi\u0107 Pa\u0144stwa do udzia\u0142u w XXV Sympozjum Sekcji Kardiologii Eksperymentalnej Polskiego Towarzystwa Kardiologicznego oraz Komitetu Nauk Fizjologicznych i Farmakologicznych PAN organizowanym przy udziale Instytutu Medycyny Do\u015bwiadczalnej i Klinicznej im. Miros\u0142awa Mossakowskiego PAN.<\/p>\n<p>Organizacja Sympozjum w formule stacjonarnej stanowi znacznie mniejsze wyzwanie w tym roku ni\u017c w roku poprzednim, w kt\u00f3rym pandemia SARS\u2013CoV-19 by\u0142a w pe\u0142nym rozkwicie. Obecnie wirus jest w odwrocie i wedle szacunk\u00f3w ekspert\u00f3w zaszczepienie i przestrzeganie zalece\u0144 sanitarnych pozwoli nam bezpiecznie spotka\u0107 si\u0119 jesieni\u0105.<\/p>\n<p>Jak co roku \u201eKardiologia Eksperymentalna\u201d b\u0119dzie okazj\u0105 do interdyscyplinarnego spotkania przedstawicieli nauk podstawowych i klinicyst\u00f3w. W sympozjum tradycyjnie uczestnicz\u0105 m\u0142odzi badacze b\u0119d\u0105cy na progu swojej drogi naukowej, oraz do\u015bwiadczeni naukowcy zajmuj\u0105cy si\u0119 takimi dzia\u0142ami kardiologii jak: fizjologia i patofizjologia uk\u0142adu kr\u0105\u017cenia, biochemia, biologia molekularna, biofizyka i biologia kom\u00f3rki.<\/p>\n<p>Podobnie jak podczas poprzednich spotka\u0144, XXV Sympozjum SKE \u00a0b\u0119dzie stanowi\u0107 platform\u0119 do dyskusji najnowszych osi\u0105gni\u0119\u0107 naukowych\u00a0 uczestnik\u00f3w sympozjum w gronie ekspert\u00f3w. Doniesienia zjazdowe, zakwalifikowane do prezentacji ustnych lub plakatowych wezm\u0105 udzia\u0142 w konkursie na najlepsze doniesienie oryginalne.<\/p>\n<p><a href=\"https:\/\/kardiologia-eksperymentalna.pl\/wp-content\/uploads\/2021\/05\/Zaproszenie.pdf\">ZAPROSZENIE.PDF<\/a><\/p>\n<hr \/>\n<p><strong>REJESTRACJA:<\/strong><\/p>\n<p>Rejestracji prosimy dokonywa\u0107 poprzez <a href=\"https:\/\/kardiologia-eksperymentalna.pl\/wp-content\/uploads\/2021\/09\/Formularz-Zgloszenia-Uczestnictwa.docx\">FORMULARZ ZG\u0141OSZENIA UCZESTNICTWA\u00a0<\/a><\/p>\n<p><strong>Skan wype\u0142nionego i podpisanego formularza uczestnictwa prosimy przes\u0142a\u0107 na adres mailowy: <\/strong><a href=\"mailto:kardio.exp@gmail.com\"><strong>kardio.exp@gmail.com<\/strong><\/a><strong>\u00a0\u00a0<\/strong><\/p>\n<p>Poprzez odes\u0142anie podpisanego formularza Uczestnik o\u015bwiadcza, \u017ce zapozna\u0142 si\u0119 z regulaminem uczestnictwa w XXV Sympozjum SKE oraz z informacj\u0105 dotycz\u0105c\u0105 wysoko\u015bci op\u0142at zawart\u0105 w za\u0142\u0105czniku nr 1 do regulaminu:\u00a0<\/p>\n<p><a href=\"https:\/\/kardiologia-eksperymentalna.pl\/wp-content\/uploads\/2021\/09\/Regulamin-uczestnictwa-w-Sympozjum.docx\">REGULAMIN UCZESTNICTWA W SYMPOZJUM<\/a><br \/><a href=\"https:\/\/kardiologia-eksperymentalna.pl\/wp-content\/uploads\/2021\/09\/Zala\u0328cznik-1-Wysokos\u0301c\u0301-oplat.docx\">ZA\u0141\u0104CZNIK NR 1 &#8211; WYSOKO\u015a\u0106 OP\u0141AT<\/a> <br \/><a href=\"https:\/\/kardiologia-eksperymentalna.pl\/wp-content\/uploads\/2021\/09\/RODO.docx\">PRZETWARZANIE DANYCH OSOBOWYCH &#8211; RODO<\/a><\/p>\n<hr \/>\n<p><strong>OP\u0141ATY:<\/strong><\/p>\n<p>Warunkiem uczestnictwa w obradach jest wniesienie op\u0142aty rejestracyjnej<\/p>\n<ul>\n<li>330 z\u0142 \u2013 do 16 sierpnia 2021 r.<\/li>\n<li>500 z\u0142 \u2013 od 17 sierpnia 2021 r.<\/li>\n<\/ul>\n<p>Op\u0142at\u0119 nale\u017cy ui\u015bci\u0107 na rachunek bankowy Organizatora \u2013 Sekcji Kardiologii Eksperymentalnej PTK:<br \/>ING Bank \u015al\u0105ski, numer konta:\u00a0<strong>36 1050 1012 1000 0023 2294 5771<br \/><\/strong>W tytule przelewu prosimy wpisa\u0107:\u00a0<strong>\u201eXXV Sympozjum SKE, imi\u0119 i nazwisko uczestnika\u201d.<\/strong><\/p>\n<hr \/>\n<p><strong>STRESZCZENIA:<br \/><\/strong>Streszczenia prosimy zg\u0142asza\u0107 za po\u015brednictwem Systemu Abstraktowego PTK poprzez link<br \/><a href=\"https:\/\/abstrakty.ptkardio.pl\/dodaj_abstrakt?conference=75\">ZG\u0141O\u015a ABSTRAKT<\/a><\/p>\n<p>Zg\u0142oszenie abstraktu jest poprzedzone logowaniem do konta PTK (cz\u0142onkowie PTK), je\u015bli osoba zg\u0142aszaj\u0105ca abstrakt nie jest cz\u0142onkiem PTK, rejestruje si\u0119 w systemie abstraktowym jako &#8222;Go\u015b\u0107&#8221;.<\/p>\n<p>Streszczenia do prezentacji ustnej lub plakatowej mog\u0105 by\u0107 zg\u0142aszane w j\u0119zyku polskim lub angielskim, w poni\u017cszych kategoriach tematycznych:<\/p>\n<ul>\n<li>Fizjologia i patofizjologia \u015br\u00f3db\u0142onka<\/li>\n<li>Kardioonkologia<\/li>\n<li>Kom\u00f3rki macierzyste w kardiologii regeneracyjnej<\/li>\n<li>Lipidy, mikrobiota jelitowa i aspekty dietetyczne<\/li>\n<li>Modele eksperymentalne chor\u00f3b uk\u0142adu sercowo-naczyniowego<\/li>\n<li>Nowoczesne biomarkery ryzyka sercowo-naczyniowego<\/li>\n<li>P\u0142ytki krwi, krzepni\u0119cie i fibrynoliza<\/li>\n<li>Regulacja odruchowa i elektrofizjologia<\/li>\n<li>Techniki omiczne w kardiologii<\/li>\n<li>COVID-19 a uk\u0142ad sercowo-naczyniowy<\/li>\n<li>Varia<\/li>\n<\/ul>\n<p>Maksymalna ilo\u015b\u0107 znak\u00f3w \u2013 2000 (ze spacjami). Szczeg\u00f3\u0142owe instrukcje dost\u0119pne s\u0105 w Systemie Abstraktowym.<\/p>\n<p>Termin nadsy\u0142ania streszcze\u0144:\u00a0<span style=\"color: #ff0000;\"><strong> 31 lipca 2021 r !!!<\/strong><\/span><\/p>\n<hr \/>\n<p><strong>PREZENTACJE USTNE I PLAKATOWE:<\/strong><\/p>\n<ul>\n<li>Czas prezentacji ustnej:\u00a0<strong>10 minut + 5 minut dyskusji<\/strong><\/li>\n<li>Preferowany rozmiar plakatu\u00a0<strong>B1 (707 mm x 1000 mm)<\/strong>, orientacja pozioma, wielko\u015b\u0107 tablicy korkowej 1200 mm x 1500 mm, 1 plakat na tablicy.<\/li>\n<\/ul>\n<hr \/>\n<p><strong>REZERWACJA NOCLEG\u00d3W:<\/strong><\/p>\n<p>Rezerwacji zakwaterowania nale\u017cy dokonywa\u0107 bezpo\u015brednio przez stron\u0119 Domu Pracy Tw\u00f3rczej SDP w Kazimierzu Dolnym: <a href=\"http:\/\/www.domdziennikarza.com\">http:\/\/www.domdziennikarza.com<\/a> <br \/>Adres rezerwacji:\u00a0<a href=\"https:\/\/domdziennikarza.com\/rezerwacja\/\">www.domdziennikarza.com\/rezerwacja\/<\/a><\/p>\n<p>Has\u0142o rezerwacji: \u201eKardiologia Eksperymentalna\u201d<br \/>tel. +48 81\u00a0881 01 62<\/p>\n<p><strong>Ceny nocleg\u00f3w (ze \u015bniadaniem):<\/strong><\/p>\n<ul>\n<li>pok\u00f3j 1-os. \u2013 165 z\u0142\/doba<\/li>\n<li>pok\u00f3j 2-os. \u2013 130 z\u0142\/doba\/osoba<\/li>\n<\/ul>\n<hr \/>\n<p><strong>PROGRAM<\/strong><\/p>\n<p><strong>Wyk\u0142ad plenarny<\/strong> pt.\u201d Konsekwencje dysfunkcji uk\u0142adu odporno\u015bci w nadci\u015bnieniu t\u0119tniczym &#8211; od przyspieszonego starzenia naczy\u0144 do COVID-19\u201d wyg\u0142osi Prof. dr hab. Tomasz Guzik, kierownik Katedry Chor\u00f3b Wewn\u0119trznych i Medycyny Wsi \u00a0Collegium Medicum Uniwersytetu Jagiello\u0144skiego i redaktor naczelny Cardiovascular Research, czasopisma wydawanego przez\u00a0 European Society of Cardiology.<\/p>\n<p><a href=\"https:\/\/kardiologia-eksperymentalna.pl\/wp-content\/uploads\/2021\/09\/Program-ramowy-XXV-SKE-PTK.pdf\">PROGRAM RAMOWY<\/a><\/p>\n<hr \/>\n<p><strong>KOMITET NAUKOWY:<\/strong><\/p>\n<p>Prof. dr hab. Andrzej Ber\u0119sewicz\u00a0<em>\u2013 Przewodnicz\u0105cy Komitetu Naukowego<br \/><\/em>Prof. dr hab. Ewa Chabielska<br \/>Prof. dr hab. Stefan Ch\u0142opicki<br \/>Prof. dr hab. Agnieszka Cudnoch-J\u0119drzejewska<br \/>Prof. dr hab. J\u00f3zef Dulak<br \/>Prof. dr hab. El\u017cbieta Kompanowska \u2013Jezierska<br \/>Prof. dr hab. Maciej Kurpisz\u00a0<br \/>Dr hab. Urszula Mackiewicz, prof. CMKP<br \/>Prof. dr hab. Barbara Malinowska<br \/>Dr hab. Natalia Rozwadowska, prof. IGC PAN <br \/>Prof. dr hab. Ewa S\u0142omi\u0144ska<br \/>Prof. dr hab. Ewa St\u0119pie\u0144<br \/>Dr hab. Tomasz Wierzba, prof. GUM<\/p>\n<hr \/>\n<p><span style=\"color: #000000;\"><strong>KOMITET ORGANIZACYJNY:<\/strong><\/span><\/p>\n<p><span style=\"color: #000000;\"><em>Przewodnicz\u0105ca Komitetu Organizacyjnego:<\/em><\/span><br \/><span style=\"color: #000000;\">Prof. dr hab.\u00a0 Ewa Ko\u017aniewska-Ko\u0142odziejska<\/span><br \/><span style=\"color: #000000;\">Instytut Medycyny Do\u015bwiadczalnej i Klinicznej\u00a0<\/span><br \/><span style=\"color: #000000;\">im. Miros\u0142awa Mossakowskiego PAN<\/span><\/p>\n<p><span style=\"color: #000000;\"><em>Zast\u0119pca Przewodnicz\u0105cej\u00a0Komitetu Organizacyjnego:<\/em><\/span><br \/><span style=\"color: #000000;\">Dr hab. Anna Gromotowicz-Pop\u0142awska<\/span><br \/><span style=\"color: #000000;\">Zak\u0142ad Biofarmacji<\/span><br \/><span style=\"color: #000000;\">Uniwersytet Medyczny w Bia\u0142ymstoku<\/span><\/p>\n<p><span style=\"color: #000000;\"><em>Cz\u0142onkowie Komitetu Organizacyjnego<\/em>:<\/span><br \/><span style=\"color: #000000;\">Dr Marta Aleksandrowicz<\/span><br \/><span style=\"color: #000000;\">Instytut Medycyny Do\u015bwiadczalnej i Klinicznej\u00a0<\/span><br \/><span style=\"color: #000000;\">im. Miros\u0142awa Mossakowskiego PAN<\/span><\/p>\n<hr \/>\n<p><span style=\"color: #000000;\"><strong>KONTAKT:<\/strong><\/span><\/p>\n<p><span style=\"color: #000000;\">Siedziba Komitetu Organizacyjnego:<\/span><\/p>\n<p><span style=\"color: #000000;\">Instytut Medycyny Do\u015bwiadczalnej i Klinicznej\u00a0<\/span><br \/><span style=\"color: #000000;\">im. Miros\u0142awa Mossakowskiego PAN<\/span><br \/><span style=\"color: #000000;\">ul. A. Pawi\u0144skiego 5, pok. Z144<\/span><br \/><span style=\"color: #000000;\">02-106 Warszawa<\/span><\/p>\n<p><span style=\"color: #000000;\">Kontakt: Prof. dr hab. Ewa Ko\u017aniewska-Ko\u0142odziejska<\/span><br \/><span style=\"color: #000000;\">Email: kardio.exp@gmail.com<\/span><\/p>\n\n\n<p><\/p>\n","protected":false},"excerpt":{"rendered":"<p>TERMINY:Sympozjum odbywa si\u0119 w dniach 21- 23 pa\u017adziernika 2021 r.Termin nadsy\u0142ania streszcze\u0144: 31 lipca 2021 r !!!Termin ostateczny wniesienia podstawowej op\u0142aty rejestracyjnej (330 z\u0142):\u00a016 sierpnia 2021 r !!! MIEJSCE OBRAD:Dom Pracy Tw\u00f3rczej Stowarzyszenia Dziennikarzy Polskichul. Ma\u0142achowskiego 1724-120 Kazimierz Dolny MAPA DOJAZDU \u00a0 \u00a0 \u00a0 \u00a0 \u00a0 \u00a0 \u00a0 \u00a0 \u00a0 ORGANIZATOR: Polskie Towarzystwo Kardiologiczneul. Stawki\u2026 <span class=\"read-more\"><a href=\"https:\/\/kardiologia-eksperymentalna.pl\/index.php\/xxv-sympozjum-sekcji-kardiologii-eksperymentalnej\/\">Dowiedz si\u0119 wi\u0119cej &raquo;<\/a><\/span><\/p>\n","protected":false},"author":10,"featured_media":0,"parent":0,"menu_order":0,"comment_status":"closed","ping_status":"closed","template":"","meta":{"footnotes":""},"class_list":["post-380","page","type-page","status-publish","hentry"],"_links":{"self":[{"href":"https:\/\/kardiologia-eksperymentalna.pl\/index.php\/wp-json\/wp\/v2\/pages\/380","targetHints":{"allow":["GET"]}}],"collection":[{"href":"https:\/\/kardiologia-eksperymentalna.pl\/index.php\/wp-json\/wp\/v2\/pages"}],"about":[{"href":"https:\/\/kardiologia-eksperymentalna.pl\/index.php\/wp-json\/wp\/v2\/types\/page"}],"author":[{"embeddable":true,"href":"https:\/\/kardiologia-eksperymentalna.pl\/index.php\/wp-json\/wp\/v2\/users\/10"}],"replies":[{"embeddable":true,"href":"https:\/\/kardiologia-eksperymentalna.pl\/index.php\/wp-json\/wp\/v2\/comments?post=380"}],"version-history":[{"count":53,"href":"https:\/\/kardiologia-eksperymentalna.pl\/index.php\/wp-json\/wp\/v2\/pages\/380\/revisions"}],"predecessor-version":[{"id":1127,"href":"https:\/\/kardiologia-eksperymentalna.pl\/index.php\/wp-json\/wp\/v2\/pages\/380\/revisions\/1127"}],"wp:attachment":[{"href":"https:\/\/kardiologia-eksperymentalna.pl\/index.php\/wp-json\/wp\/v2\/media?parent=380"}],"curies":[{"name":"wp","href":"https:\/\/api.w.org\/{rel}","templated":true}]}}