{"id":633,"date":"2026-04-01T23:00:14","date_gmt":"2026-04-01T21:00:14","guid":{"rendered":"https:\/\/kardiologia-eksperymentalna.pl\/?page_id=633"},"modified":"2026-04-01T23:22:39","modified_gmt":"2026-04-01T21:22:39","slug":"xxx-sympozjum-sekcji-kardiologii-eksperymentalnej-ptk","status":"publish","type":"page","link":"https:\/\/kardiologia-eksperymentalna.pl\/index.php\/xxx-sympozjum-sekcji-kardiologii-eksperymentalnej-ptk\/","title":{"rendered":"XXX Sympozjum Sekcji Kardiologii Eksperymentalnej PTK"},"content":{"rendered":"\n<p class=\"has-x-large-font-size\"> <\/p>\n\n\n\n<div class=\"wp-block-columns is-layout-flex wp-container-core-columns-is-layout-9d6595d7 wp-block-columns-is-layout-flex\">\n<div class=\"wp-block-column is-layout-flow wp-block-column-is-layout-flow\">\n<figure class=\"wp-block-image size-full is-resized\"><a href=\"https:\/\/kardiologia-eksperymentalna.pl\/wp-content\/uploads\/2023\/05\/SKE_logo_small.jpg\"><img loading=\"lazy\" decoding=\"async\" width=\"260\" height=\"260\" src=\"https:\/\/kardiologia-eksperymentalna.pl\/wp-content\/uploads\/2023\/05\/SKE_logo_small.jpg\" alt=\"\" class=\"wp-image-592\" style=\"width:206px;height:auto\" srcset=\"https:\/\/kardiologia-eksperymentalna.pl\/wp-content\/uploads\/2023\/05\/SKE_logo_small.jpg 260w, https:\/\/kardiologia-eksperymentalna.pl\/wp-content\/uploads\/2023\/05\/SKE_logo_small-150x150.jpg 150w\" sizes=\"auto, (max-width: 260px) 100vw, 260px\" \/><\/a><\/figure>\n<\/div>\n\n\n\n<div class=\"wp-block-column is-layout-flow wp-block-column-is-layout-flow\">\n<figure class=\"wp-block-image size-large is-resized\"><a href=\"https:\/\/kardiologia-eksperymentalna.pl\/wp-content\/uploads\/2023\/10\/PAN.png\"><img loading=\"lazy\" decoding=\"async\" width=\"1024\" height=\"804\" src=\"https:\/\/kardiologia-eksperymentalna.pl\/wp-content\/uploads\/2023\/10\/PAN-1024x804.png\" alt=\"\" class=\"wp-image-832\" style=\"aspect-ratio:1.2735955980286076;object-fit:contain;width:233px;height:auto\" srcset=\"https:\/\/kardiologia-eksperymentalna.pl\/wp-content\/uploads\/2023\/10\/PAN-1024x804.png 1024w, https:\/\/kardiologia-eksperymentalna.pl\/wp-content\/uploads\/2023\/10\/PAN-300x235.png 300w, https:\/\/kardiologia-eksperymentalna.pl\/wp-content\/uploads\/2023\/10\/PAN-768x603.png 768w, https:\/\/kardiologia-eksperymentalna.pl\/wp-content\/uploads\/2023\/10\/PAN-660x518.png 660w, https:\/\/kardiologia-eksperymentalna.pl\/wp-content\/uploads\/2023\/10\/PAN.png 1093w\" sizes=\"auto, (max-width: 1024px) 100vw, 1024px\" \/><\/a><\/figure>\n<\/div>\n<\/div>\n\n\n\n<p><\/p>\n\n\n\n<p>Szanowni Pa\u0144stwo,<\/p>\n\n\n\n<p>Serdecznie zapraszamy do udzia\u0142u w jubileuszowym <strong>XXX Sympozjum Sekcji Kardiologii Eksperymentalnej Polskiego Towarzystwa Kardiologicznego<\/strong>, kt\u00f3re odb\u0119dzie si\u0119 w dniach <strong>22-24 pa\u017adziernika 2026 roku<\/strong> w stolicy Podlasia<strong> Bia\u0142ymstoku<\/strong>.<\/p>\n\n\n\n<p>Inauguracja Sympozjum zosta\u0142a zaplanowana w historycznych wn\u0119trzach po\u0142o\u017conego w centrum Bia\u0142egostoku <strong>Pa\u0142acu Branickich<\/strong>, natomiast drugiego i trzeciego dnia b\u0119dziemy si\u0119 spotyka\u0107 w sali konferencyjnej <strong>Hotelu Branicki<\/strong>.<\/p>\n\n\n\n<p><a href=\"https:\/\/www.umb.edu.pl\/photo\/pliki\/aktualnosci\/2025\/www_umb_informator.pdf\">https:\/\/www.umb.edu.pl\/photo\/pliki\/aktualnosci\/2025\/www_umb_informator.pdf<\/a><\/p>\n\n\n\n<p><a href=\"https:\/\/www.hotelbranicki.com\/konferencje\">https:\/\/www.hotelbranicki.com\/konferencje<\/a><\/p>\n\n\n\n<p>Po\u0142o\u017cony w centrum Bia\u0142egostoku HOTEL BRANICKI **** \u2013&nbsp; pierwszy w regionie obiekt klasy boutique, nawi\u0105zuj\u0105cy do atmosfery przedwojennego bia\u0142ostockiego hotelu Ritz, zapewni r\u00f3wnie\u017c uczestnikom Sympozjum noclegi, uroczyste \u015bwi\u0119towanie jubileuszu Sekcji podczas Gala Dinner, a tak\u017ce regionalne potrawy.<\/p>\n\n\n\n<p><strong>Jubileuszowe XXX Sympozjum SKE PTK<\/strong> b\u0119dzie okazj\u0105 do spotkania pionier\u00f3w SKE, z aktywnie dzia\u0142aj\u0105cymi jej cz\u0142onkami i adeptami kardiologii eksperymentalnej oraz do podsumowania jej d\u0142ugoletniej, obfituj\u0105cej w szereg sukces\u00f3w dzia\u0142alno\u015bci.<\/p>\n\n\n\n<p><strong>Serdecznie zapraszamy do udzia\u0142u w tym wyj\u0105tkowym wydarzeniu.<\/strong><\/p>\n","protected":false},"excerpt":{"rendered":"<p>Szanowni Pa\u0144stwo, Serdecznie zapraszamy do udzia\u0142u w jubileuszowym XXX Sympozjum Sekcji Kardiologii Eksperymentalnej Polskiego Towarzystwa Kardiologicznego, kt\u00f3re odb\u0119dzie si\u0119 w dniach 22-24 pa\u017adziernika 2026 roku w stolicy Podlasia Bia\u0142ymstoku. Inauguracja Sympozjum zosta\u0142a zaplanowana w historycznych wn\u0119trzach po\u0142o\u017conego w centrum Bia\u0142egostoku Pa\u0142acu Branickich, natomiast drugiego i trzeciego dnia b\u0119dziemy si\u0119 spotyka\u0107 w sali konferencyjnej Hotelu Branicki.\u2026 <span class=\"read-more\"><a href=\"https:\/\/kardiologia-eksperymentalna.pl\/index.php\/xxx-sympozjum-sekcji-kardiologii-eksperymentalnej-ptk\/\">Dowiedz si\u0119 wi\u0119cej &raquo;<\/a><\/span><\/p>\n","protected":false},"author":1,"featured_media":0,"parent":0,"menu_order":0,"comment_status":"closed","ping_status":"closed","template":"page-templates\/full-width.php","meta":{"footnotes":""},"class_list":["post-633","page","type-page","status-publish","hentry"],"_links":{"self":[{"href":"https:\/\/kardiologia-eksperymentalna.pl\/index.php\/wp-json\/wp\/v2\/pages\/633","targetHints":{"allow":["GET"]}}],"collection":[{"href":"https:\/\/kardiologia-eksperymentalna.pl\/index.php\/wp-json\/wp\/v2\/pages"}],"about":[{"href":"https:\/\/kardiologia-eksperymentalna.pl\/index.php\/wp-json\/wp\/v2\/types\/page"}],"author":[{"embeddable":true,"href":"https:\/\/kardiologia-eksperymentalna.pl\/index.php\/wp-json\/wp\/v2\/users\/1"}],"replies":[{"embeddable":true,"href":"https:\/\/kardiologia-eksperymentalna.pl\/index.php\/wp-json\/wp\/v2\/comments?post=633"}],"version-history":[{"count":22,"href":"https:\/\/kardiologia-eksperymentalna.pl\/index.php\/wp-json\/wp\/v2\/pages\/633\/revisions"}],"predecessor-version":[{"id":1253,"href":"https:\/\/kardiologia-eksperymentalna.pl\/index.php\/wp-json\/wp\/v2\/pages\/633\/revisions\/1253"}],"wp:attachment":[{"href":"https:\/\/kardiologia-eksperymentalna.pl\/index.php\/wp-json\/wp\/v2\/media?parent=633"}],"curies":[{"name":"wp","href":"https:\/\/api.w.org\/{rel}","templated":true}]}}