{"id":662,"date":"2023-06-27T09:59:45","date_gmt":"2023-06-27T07:59:45","guid":{"rendered":"https:\/\/kardiologia-eksperymentalna.pl\/?page_id=662"},"modified":"2026-04-01T23:07:51","modified_gmt":"2026-04-01T21:07:51","slug":"komitet-naukowy","status":"publish","type":"page","link":"https:\/\/kardiologia-eksperymentalna.pl\/index.php\/komitet-naukowy\/","title":{"rendered":"Komitet Naukowy"},"content":{"rendered":"\n<p><strong>Prof. dr hab. Andrzej Ber\u0119sewicz &#8211; Wsp\u00f3\u0142przewodnicz\u0105cy<\/strong><\/p>\n\n\n\n<p><strong>Prof. dr hab. Barbara Malinowska &#8211; Wsp\u00f3\u0142przewodnicz\u0105ca<\/strong><\/p>\n","protected":false},"excerpt":{"rendered":"<p>Prof. dr hab. Andrzej Ber\u0119sewicz &#8211; Wsp\u00f3\u0142przewodnicz\u0105cy Prof. dr hab. Barbara Malinowska &#8211; Wsp\u00f3\u0142przewodnicz\u0105ca<\/p>\n","protected":false},"author":12,"featured_media":0,"parent":0,"menu_order":0,"comment_status":"closed","ping_status":"closed","template":"page-templates\/full-width.php","meta":{"footnotes":""},"class_list":["post-662","page","type-page","status-publish","hentry"],"_links":{"self":[{"href":"https:\/\/kardiologia-eksperymentalna.pl\/index.php\/wp-json\/wp\/v2\/pages\/662","targetHints":{"allow":["GET"]}}],"collection":[{"href":"https:\/\/kardiologia-eksperymentalna.pl\/index.php\/wp-json\/wp\/v2\/pages"}],"about":[{"href":"https:\/\/kardiologia-eksperymentalna.pl\/index.php\/wp-json\/wp\/v2\/types\/page"}],"author":[{"embeddable":true,"href":"https:\/\/kardiologia-eksperymentalna.pl\/index.php\/wp-json\/wp\/v2\/users\/12"}],"replies":[{"embeddable":true,"href":"https:\/\/kardiologia-eksperymentalna.pl\/index.php\/wp-json\/wp\/v2\/comments?post=662"}],"version-history":[{"count":19,"href":"https:\/\/kardiologia-eksperymentalna.pl\/index.php\/wp-json\/wp\/v2\/pages\/662\/revisions"}],"predecessor-version":[{"id":1256,"href":"https:\/\/kardiologia-eksperymentalna.pl\/index.php\/wp-json\/wp\/v2\/pages\/662\/revisions\/1256"}],"wp:attachment":[{"href":"https:\/\/kardiologia-eksperymentalna.pl\/index.php\/wp-json\/wp\/v2\/media?parent=662"}],"curies":[{"name":"wp","href":"https:\/\/api.w.org\/{rel}","templated":true}]}}