{"id":665,"date":"2023-06-26T19:28:23","date_gmt":"2023-06-26T17:28:23","guid":{"rendered":"https:\/\/kardiologia-eksperymentalna.pl\/?page_id=665"},"modified":"2026-04-01T23:08:55","modified_gmt":"2026-04-01T21:08:55","slug":"komitet-organizacyjny","status":"publish","type":"page","link":"https:\/\/kardiologia-eksperymentalna.pl\/index.php\/komitet-organizacyjny\/","title":{"rendered":"Komitet Organizacyjny"},"content":{"rendered":"\n<p><strong>Prof. dr hab. Barbara Malinowska &#8211; Wsp\u00f3\u0142przewodnicz\u0105ca<\/strong><\/p>\n\n\n\n<p><strong>Dr hab. Marta Baranowska-Kuczko &#8211; Wsp\u00f3\u0142przewodnicz\u0105ca<\/strong><\/p>\n\n\n\n<p><\/p>\n","protected":false},"excerpt":{"rendered":"<p>Prof. dr hab. Barbara Malinowska &#8211; Wsp\u00f3\u0142przewodnicz\u0105ca Dr hab. Marta Baranowska-Kuczko &#8211; Wsp\u00f3\u0142przewodnicz\u0105ca<\/p>\n","protected":false},"author":12,"featured_media":0,"parent":0,"menu_order":0,"comment_status":"closed","ping_status":"closed","template":"page-templates\/full-width.php","meta":{"footnotes":""},"class_list":["post-665","page","type-page","status-publish","hentry"],"_links":{"self":[{"href":"https:\/\/kardiologia-eksperymentalna.pl\/index.php\/wp-json\/wp\/v2\/pages\/665","targetHints":{"allow":["GET"]}}],"collection":[{"href":"https:\/\/kardiologia-eksperymentalna.pl\/index.php\/wp-json\/wp\/v2\/pages"}],"about":[{"href":"https:\/\/kardiologia-eksperymentalna.pl\/index.php\/wp-json\/wp\/v2\/types\/page"}],"author":[{"embeddable":true,"href":"https:\/\/kardiologia-eksperymentalna.pl\/index.php\/wp-json\/wp\/v2\/users\/12"}],"replies":[{"embeddable":true,"href":"https:\/\/kardiologia-eksperymentalna.pl\/index.php\/wp-json\/wp\/v2\/comments?post=665"}],"version-history":[{"count":15,"href":"https:\/\/kardiologia-eksperymentalna.pl\/index.php\/wp-json\/wp\/v2\/pages\/665\/revisions"}],"predecessor-version":[{"id":1257,"href":"https:\/\/kardiologia-eksperymentalna.pl\/index.php\/wp-json\/wp\/v2\/pages\/665\/revisions\/1257"}],"wp:attachment":[{"href":"https:\/\/kardiologia-eksperymentalna.pl\/index.php\/wp-json\/wp\/v2\/media?parent=665"}],"curies":[{"name":"wp","href":"https:\/\/api.w.org\/{rel}","templated":true}]}}