{"id":672,"date":"2025-07-07T08:50:04","date_gmt":"2025-07-07T06:50:04","guid":{"rendered":"https:\/\/kardiologia-eksperymentalna.pl\/?page_id=672"},"modified":"2026-04-01T22:49:22","modified_gmt":"2026-04-01T20:49:22","slug":"rejestracja","status":"publish","type":"page","link":"https:\/\/kardiologia-eksperymentalna.pl\/index.php\/rejestracja\/","title":{"rendered":"Rejestracja"},"content":{"rendered":"\n<p>Szczeg\u00f3\u0142y wkr\u00f3tce<\/p>\n","protected":false},"excerpt":{"rendered":"<p>Szczeg\u00f3\u0142y wkr\u00f3tce<\/p>\n","protected":false},"author":12,"featured_media":0,"parent":0,"menu_order":0,"comment_status":"closed","ping_status":"closed","template":"page-templates\/full-width.php","meta":{"footnotes":""},"class_list":["post-672","page","type-page","status-publish","hentry"],"_links":{"self":[{"href":"https:\/\/kardiologia-eksperymentalna.pl\/index.php\/wp-json\/wp\/v2\/pages\/672","targetHints":{"allow":["GET"]}}],"collection":[{"href":"https:\/\/kardiologia-eksperymentalna.pl\/index.php\/wp-json\/wp\/v2\/pages"}],"about":[{"href":"https:\/\/kardiologia-eksperymentalna.pl\/index.php\/wp-json\/wp\/v2\/types\/page"}],"author":[{"embeddable":true,"href":"https:\/\/kardiologia-eksperymentalna.pl\/index.php\/wp-json\/wp\/v2\/users\/12"}],"replies":[{"embeddable":true,"href":"https:\/\/kardiologia-eksperymentalna.pl\/index.php\/wp-json\/wp\/v2\/comments?post=672"}],"version-history":[{"count":28,"href":"https:\/\/kardiologia-eksperymentalna.pl\/index.php\/wp-json\/wp\/v2\/pages\/672\/revisions"}],"predecessor-version":[{"id":1240,"href":"https:\/\/kardiologia-eksperymentalna.pl\/index.php\/wp-json\/wp\/v2\/pages\/672\/revisions\/1240"}],"wp:attachment":[{"href":"https:\/\/kardiologia-eksperymentalna.pl\/index.php\/wp-json\/wp\/v2\/media?parent=672"}],"curies":[{"name":"wp","href":"https:\/\/api.w.org\/{rel}","templated":true}]}}