{"id":682,"date":"2023-06-26T23:51:34","date_gmt":"2023-06-26T21:51:34","guid":{"rendered":"https:\/\/kardiologia-eksperymentalna.pl\/?page_id=682"},"modified":"2026-04-01T22:50:57","modified_gmt":"2026-04-01T20:50:57","slug":"miejsce-obrad","status":"publish","type":"page","link":"https:\/\/kardiologia-eksperymentalna.pl\/index.php\/miejsce-obrad\/","title":{"rendered":"Miejsce Obrad"},"content":{"rendered":"\n<p class=\"has-text-align-left has-medium-font-size\">Szczeg\u00f3\u0142y wkr\u00f3tce<\/p>\n","protected":false},"excerpt":{"rendered":"<p>Szczeg\u00f3\u0142y wkr\u00f3tce<\/p>\n","protected":false},"author":12,"featured_media":0,"parent":0,"menu_order":0,"comment_status":"closed","ping_status":"closed","template":"page-templates\/full-width.php","meta":{"footnotes":""},"class_list":["post-682","page","type-page","status-publish","hentry"],"_links":{"self":[{"href":"https:\/\/kardiologia-eksperymentalna.pl\/index.php\/wp-json\/wp\/v2\/pages\/682","targetHints":{"allow":["GET"]}}],"collection":[{"href":"https:\/\/kardiologia-eksperymentalna.pl\/index.php\/wp-json\/wp\/v2\/pages"}],"about":[{"href":"https:\/\/kardiologia-eksperymentalna.pl\/index.php\/wp-json\/wp\/v2\/types\/page"}],"author":[{"embeddable":true,"href":"https:\/\/kardiologia-eksperymentalna.pl\/index.php\/wp-json\/wp\/v2\/users\/12"}],"replies":[{"embeddable":true,"href":"https:\/\/kardiologia-eksperymentalna.pl\/index.php\/wp-json\/wp\/v2\/comments?post=682"}],"version-history":[{"count":26,"href":"https:\/\/kardiologia-eksperymentalna.pl\/index.php\/wp-json\/wp\/v2\/pages\/682\/revisions"}],"predecessor-version":[{"id":1242,"href":"https:\/\/kardiologia-eksperymentalna.pl\/index.php\/wp-json\/wp\/v2\/pages\/682\/revisions\/1242"}],"wp:attachment":[{"href":"https:\/\/kardiologia-eksperymentalna.pl\/index.php\/wp-json\/wp\/v2\/media?parent=682"}],"curies":[{"name":"wp","href":"https:\/\/api.w.org\/{rel}","templated":true}]}}