{"id":7,"date":"2015-07-31T13:17:42","date_gmt":"2015-07-31T11:17:42","guid":{"rendered":"https:\/\/kardiologia-eksperymentalna.pl\/?page_id=7"},"modified":"2025-11-04T18:39:37","modified_gmt":"2025-11-04T17:39:37","slug":"informacje-o-sekcji","status":"publish","type":"page","link":"https:\/\/kardiologia-eksperymentalna.pl\/index.php\/informacje-o-sekcji\/","title":{"rendered":"Informacje o sekcji"},"content":{"rendered":"<p>Sekcja stanowi ma\u0142o sformalizowan\u0105 grup\u0119 badaczy zajmuj\u0105cych si\u0119 uk\u0142adem kr\u0105\u017cenia za pomoc\u0105 metod przypisanych naukom podstawowym oraz uprawiaj\u0105cych eksperyment kliniczny.<\/p>\n<p>Podstawow\u0105 aktywno\u015bci\u0105 Sekcji s\u0105 doroczne Sympozja. Zazwyczaj nasze Sympozja s\u0105 firmowane jednoczenie przez Komisj\u0119 Kr\u0105\u017cenia Komitetu Nauk Fizjologicznych oraz Komisj\u0119 Kardiologii Komitetu Patofizjologii Polskiej Akademii Nauk. S\u0105 one miejscem przegl\u0105du temat\u00f3w badawczych realizowanych w Polsce lub polskich badaczy za granic\u0105. Stanowi\u0105 \u015bwietne miejsce do nawi\u0105zywania osobistych kontakt\u00f3w i wymiany do\u015bwiadcze\u0144. Sta\u0142y si\u0119 te\u017c warsztatami zdyscyplinowanej prezentacji wynik\u00f3w bada\u0144.<\/p>\n<p>Z natury rzeczy Sekcja organizuje zazwyczaj jedn\u0105 z Sesji dorocznych Kongres\u00f3w Polskiego Towarzystwa Kardiologicznego. Staramy si\u0119 r\u00f3wnie\u017c korzystaj\u0105c z go\u015bcinnych \u0142am\u00f3w Kardiologii Polskiej wydawa\u0107 materia\u0142y dydaktyczne dla os\u00f3b zainteresowanych kardiologiczn\u0105 wiedza podstawow\u0105.<\/p>\n<p>&nbsp;<\/p>\n<p><strong>Sk\u0142ad Zarz\u0105du SKE PTK w kadencji 2025-2027:<\/strong><\/p>\n<p><strong>Przewodnicz\u0105ca<\/strong><br \/>\nDr hab. Marta Baranowska-Kuczko<br \/>\n<strong>Przewodnicz\u0105ca \u2013 Elekt<\/strong><br \/>\nDr hab. Natalia Rozwadowska, prof. IGC<br \/>\n<strong>Poprzedni Przewodnicz\u0105cy<\/strong><br \/>\nDr hab. Tymoteusz \u017bera<\/p>\n<p><strong>Cz\u0142onkowie Zarz\u0105du<\/strong><br \/>\nDr hab. Bart\u0142omiej Ka\u0142aska &#8211; sekretarz<br \/>\nDr hab. Barbara Kutryb-Zaj\u0105c, prof. GUMED &#8211; skarbnik<br \/>\nDr hab. Tomasz Bonda<br \/>\nDr hab. Tomasz Kolanowski, prof. IGC<br \/>\nDr hab. Agnieszka Ko\u0142odzi\u0144ska<br \/>\nDr Aleksandra Paterek<\/p>\n<p><strong>Komisja Rewizyjna<\/strong><br \/>\nDr hab. Tomasz Rechci\u0144ski &#8211; przewodnicz\u0105cy<br \/>\nDr Marta Aleksandrowicz<br \/>\nDr hab. Teodor Buchner, prof. PW<\/p>\n<p>&nbsp;<\/p>\n<p><strong>Sk\u0142ad Zarz\u0105du SKE PTK w kadencji 2023-2025:<\/strong><\/p>\n<p><strong>Przewodnicz\u0105cy<\/strong><br \/>\nDr hab. Tymoteusz \u017bera<br \/>\n<strong>Przewodnicz\u0105ca \u2013 Elekt<\/strong><br \/>\nDr hab. Marta Baranowska-Kuczko<\/p>\n<p><strong>Poprzednia Przewodnicz\u0105ca<\/strong><br \/>\nProf. dr hab. Ewa Ko\u017aniewska-Ko\u0142odziejska<\/p>\n<p><strong>Cz\u0142onkowie Zarz\u0105du<\/strong><br \/>\nDr hab. Agnieszka Ko\u0142odzi\u0144ska \u2013 sekretarz<br \/>\nDr hab. Tomasz Rechci\u0144ski \u2013 skarbnik<br \/>\nProf. dr hab. Piotr Buszman<br \/>\nProf. dr hab. Urszula Mackiewicz<br \/>\nDr hab. Agnieszka Krupa<br \/>\nProf. dr hab. Maciej Kurpisz<\/p>\n<p><strong>Komisja Rewizyjna<\/strong><br \/>\nDr hab. Anna Gromotowicz-Pop\u0142awska \u2013 przewodnicz\u0105ca<br \/>\nDr hab. Tomasz Kolanowski<br \/>\nProf. dr hab. Ryszard T. Smole\u0144ski<\/p>\n<p>&nbsp;<\/p>\n<p><strong>Zarz\u0105du Sekcji w kadencji 2021-2023:<\/strong><\/p>\n<p><strong>Przewodnicz\u0105ca<\/strong><br \/>\nProf. dr hab. Ewa Ko\u017aniewska-Ko\u0142odziejska<br \/>\n<strong>Przewodnicz\u0105cy &#8211; Elekt<\/strong><br \/>\nDr hab. Tymoteusz \u017bera<br \/>\n<strong>Poprzednia Przewodnicz\u0105ca<\/strong><br \/>\nProf. dr hab. Ewa St\u0119pie\u0144<\/p>\n<p><strong>Cz\u0142onkowie Zarz\u0105du<\/strong><br \/>\nDr hab. Urszula Mackiewicz, prof. CMKP \u2013 Sekretarz<br \/>\nDr hab. Jacek Drobnik \u2013 Skarbnik<br \/>\nProf. dr hab. Ewa St\u0119pie\u0144<br \/>\nProf. dr hab. Maciej Kurpisz<br \/>\nDr hab. Micha\u0142 M\u0105czewski, prof. CMKP<br \/>\nDr hab. Tomasz Rechci\u0144ski<br \/>\nDr hab. Piotr Buszman<\/p>\n<p><strong>Komisja Rewizyjna<\/strong><br \/>\nDr hab. Anna Gromotowicz-Pop\u0142awska \u2013 przewodnicz\u0105ca<br \/>\nProf. dr hab. Ryszard T. Smole\u0144ski<br \/>\nDr Tomasz Kolanowski<\/p>\n<p>&nbsp;<\/p>\n","protected":false},"excerpt":{"rendered":"<p>Sekcja stanowi ma\u0142o sformalizowan\u0105 grup\u0119 badaczy zajmuj\u0105cych si\u0119 uk\u0142adem kr\u0105\u017cenia za pomoc\u0105 metod przypisanych naukom podstawowym oraz uprawiaj\u0105cych eksperyment kliniczny. Podstawow\u0105 aktywno\u015bci\u0105 Sekcji s\u0105 doroczne Sympozja. Zazwyczaj nasze Sympozja s\u0105 firmowane jednoczenie przez Komisj\u0119 Kr\u0105\u017cenia Komitetu Nauk Fizjologicznych oraz Komisj\u0119 Kardiologii Komitetu Patofizjologii Polskiej Akademii Nauk. S\u0105 one miejscem przegl\u0105du temat\u00f3w badawczych realizowanych w Polsce\u2026 <span class=\"read-more\"><a href=\"https:\/\/kardiologia-eksperymentalna.pl\/index.php\/informacje-o-sekcji\/\">Dowiedz si\u0119 wi\u0119cej &raquo;<\/a><\/span><\/p>\n","protected":false},"author":1,"featured_media":0,"parent":0,"menu_order":0,"comment_status":"closed","ping_status":"closed","template":"","meta":{"footnotes":""},"class_list":["post-7","page","type-page","status-publish","hentry"],"_links":{"self":[{"href":"https:\/\/kardiologia-eksperymentalna.pl\/index.php\/wp-json\/wp\/v2\/pages\/7","targetHints":{"allow":["GET"]}}],"collection":[{"href":"https:\/\/kardiologia-eksperymentalna.pl\/index.php\/wp-json\/wp\/v2\/pages"}],"about":[{"href":"https:\/\/kardiologia-eksperymentalna.pl\/index.php\/wp-json\/wp\/v2\/types\/page"}],"author":[{"embeddable":true,"href":"https:\/\/kardiologia-eksperymentalna.pl\/index.php\/wp-json\/wp\/v2\/users\/1"}],"replies":[{"embeddable":true,"href":"https:\/\/kardiologia-eksperymentalna.pl\/index.php\/wp-json\/wp\/v2\/comments?post=7"}],"version-history":[{"count":24,"href":"https:\/\/kardiologia-eksperymentalna.pl\/index.php\/wp-json\/wp\/v2\/pages\/7\/revisions"}],"predecessor-version":[{"id":1182,"href":"https:\/\/kardiologia-eksperymentalna.pl\/index.php\/wp-json\/wp\/v2\/pages\/7\/revisions\/1182"}],"wp:attachment":[{"href":"https:\/\/kardiologia-eksperymentalna.pl\/index.php\/wp-json\/wp\/v2\/media?parent=7"}],"curies":[{"name":"wp","href":"https:\/\/api.w.org\/{rel}","templated":true}]}}