{"id":706,"date":"2023-06-27T10:07:29","date_gmt":"2023-06-27T08:07:29","guid":{"rendered":"https:\/\/kardiologia-eksperymentalna.pl\/?page_id=706"},"modified":"2026-04-01T22:52:15","modified_gmt":"2026-04-01T20:52:15","slug":"program","status":"publish","type":"page","link":"https:\/\/kardiologia-eksperymentalna.pl\/index.php\/program\/","title":{"rendered":"Program"},"content":{"rendered":"\n<p class=\"has-text-align-left has-medium-font-size\">Szczeg\u00f3\u0142y wkr\u00f3tce<\/p>\n","protected":false},"excerpt":{"rendered":"<p>Szczeg\u00f3\u0142y wkr\u00f3tce<\/p>\n","protected":false},"author":12,"featured_media":0,"parent":0,"menu_order":0,"comment_status":"closed","ping_status":"closed","template":"page-templates\/full-width.php","meta":{"footnotes":""},"class_list":["post-706","page","type-page","status-publish","hentry"],"_links":{"self":[{"href":"https:\/\/kardiologia-eksperymentalna.pl\/index.php\/wp-json\/wp\/v2\/pages\/706","targetHints":{"allow":["GET"]}}],"collection":[{"href":"https:\/\/kardiologia-eksperymentalna.pl\/index.php\/wp-json\/wp\/v2\/pages"}],"about":[{"href":"https:\/\/kardiologia-eksperymentalna.pl\/index.php\/wp-json\/wp\/v2\/types\/page"}],"author":[{"embeddable":true,"href":"https:\/\/kardiologia-eksperymentalna.pl\/index.php\/wp-json\/wp\/v2\/users\/12"}],"replies":[{"embeddable":true,"href":"https:\/\/kardiologia-eksperymentalna.pl\/index.php\/wp-json\/wp\/v2\/comments?post=706"}],"version-history":[{"count":25,"href":"https:\/\/kardiologia-eksperymentalna.pl\/index.php\/wp-json\/wp\/v2\/pages\/706\/revisions"}],"predecessor-version":[{"id":1245,"href":"https:\/\/kardiologia-eksperymentalna.pl\/index.php\/wp-json\/wp\/v2\/pages\/706\/revisions\/1245"}],"wp:attachment":[{"href":"https:\/\/kardiologia-eksperymentalna.pl\/index.php\/wp-json\/wp\/v2\/media?parent=706"}],"curies":[{"name":"wp","href":"https:\/\/api.w.org\/{rel}","templated":true}]}}