{"id":77,"date":"2016-03-30T16:59:10","date_gmt":"2016-03-30T14:59:10","guid":{"rendered":"https:\/\/kardiologia-eksperymentalna.pl\/?page_id=77"},"modified":"2023-06-26T19:19:51","modified_gmt":"2023-06-26T17:19:51","slug":"xx-sympozjum-sekcji-kardiologii-eksperymentalnej","status":"publish","type":"page","link":"https:\/\/kardiologia-eksperymentalna.pl\/index.php\/xx-sympozjum-sekcji-kardiologii-eksperymentalnej\/","title":{"rendered":"XX Sympozjum Sekcji Kardiologii Eksperymentalnej PTK"},"content":{"rendered":"<p>Zapraszamy do wzi\u0119cia udzia\u0142u w XX Sympozjum Sekcji Kardiologii Eksperymentalnej PTK oraz Komitetu Nauk Fizjologicznych i Farmakologicznych PAN, kt\u00f3re odpadzie si\u0119 w dniach 19-21.XI.2015 w Tomaszowicach k\/Krakowa (Dw\u00f3r w Tomaszowicach). Sympozjum jest organizowane przy udziale Instytutu Kardiologii Uniwersytetu Jagiello\u0144skiego Collegium Medicum w Krakowie<\/p>\n<p>KOMITET NAUKOWY<\/p>\n<p>Prof. Maciej Kurpisz &#8211; Uniwersytet Medyczny w Poznaniu &#8211; przewodnicz\u0105cy<\/p>\n<p>Prof. prof. Andrzej Ber\u0105sewicz &#8211; CMKP, Warszawa<\/p>\n<p>Prof. Ewa Chabielska, Uniwersytet Medyczny w Bia\u0142ymstoku<\/p>\n<p>Dr hab. Agnieszka Cudnoch-J\u0119drzejewska, Warszawski Uniwersytet Medyczny<\/p>\n<p>Dr hab. Ewa \u0141ucja St\u0119pie\u0144, Uniwersytet Jagiello\u0139\u0084ski<\/p>\n<p>Dr hab. Tomasz Wierzba, Gda\u0144ski Uniwersytet Medyczny<\/p>\n<p>Prof. Krzysztof \u017bmudka, Uniwersytet Jagiello\u0144ski Collegium Medicum w Krakowie<\/p>\n<p>KOMITET ORGANIZACYJNY<\/p>\n<p>Dr hab. Ewa \u0141ucja St\u0119pie\u0144, Uniwersytet Jagiello\u0144ski &#8211; przewodnicz\u0105ca<\/p>\n<p>Dr hab. Roman Pfitzner, Uniwersytet Jagiello\u0144ski Collegium Medicum &#8211; wice przewodnicz\u0105cy<\/p>\n<p>Dr hab. Agnieszka Cudnoch-J\u0119drzejewska, Warszawski Uniwersytet Medyczny<\/p>\n<p>Dr hab. Tomasz Wierzba, Gda\u0144ski Uniwersytet Medyczny<\/p>\n<p>SPONSORZY<\/p>\n<p>Konsorcjum Naukowe Wydzia\u0142u Lekarskiego Uniwersytetu Jagiello\u0144skiego Collegium Medicum i Instytutu Farmakologii PAN, ze \u015brodk\u00f3w KNOW<\/p>\n<p>Komitet Nauk Fizjologicznych i Farmakologicznych<\/p>\n<p>Polskiej Akademii Nauk<\/p>\n<p>Bionicum Sp. z o.o.<\/p>\n<p>PROGRAM SYMPOZJUM<\/p>\n<p>W za\u0142\u0105czeniu wst\u0119pna wersja programu sympozjum<\/p>\n<p><span style=\"color: #000080;\"><b><a style=\"color: #000080;\" href=\"https:\/\/kardiologia-eksperymentalna.pl\/pliki\/ProgramsympozjumSKE_Tomaszowice2015.docx\">Program wst\u00c4\u0099pny konferencji Tomaszowice 2015 2015-11-06.docx<\/a><\/b><\/span><\/p>\n<p>W za\u0142\u0105czeniu FOLIA MEDICA CRACOVIENSIA<\/p>\n<p><b><a href=\"https:\/\/kardiologia-eksperymentalna.pl\/pliki\/FoliaMedica.pdf\">FOLIA MEDICA CRACOVIENSIA<\/a><\/b><\/p>\n<p>DOJAZD<\/p>\n<p><span style=\"color: #000080;\"><b><a style=\"color: #000080;\" href=\"https:\/\/www.google.de\/maps\/place\/Dw%C3%B3r+w+Tomaszowicach+Krakowskie+Centrum+Konferencyjne\/@50.1361019,19.8426404,15z\/data=!4m2!3m1!1s0x0:0x1f07c066f2cfda4?sa=X&amp;ved=0CGkQ_BIwCmoVChMIpJ6LtrX7yAIVRagOCh2XYgyV\">https:\/\/www.google.de\/maps\/place\/Dw%C3%B3r+w+Tomaszowicach+Krakowskie+Centrum+Konferencyjne\/@50.1361019,19.8426404,15z\/data=!4m2!3m1!1s0x0:0x1f07c066f2cfda4?sa=X&amp;ved=0CGkQ_BIwCmoVChMIpJ6LtrX7yAIVRagOCh2XYgyV<\/a><\/b><\/span><\/p>\n<p>Po\u0139\u0082\u00c4\u0085czenia komunikacj\u00c4\u0085 miejsk\u00c4\u0085 z dworca Krak\u0102\u0142w G\u0139\u0082\u0102\u0142wny do Tomaszowic (tramwaj linii 4 lub 24 do przystanku Bronowice Ma\u0139\u0082e ) + autobus 230 (z przystanku Bronowice Ma\u0139\u0082e do przystankuTomaszowice I) .<\/p>\n<p><b><a href=\"https:\/\/kardiologia-eksperymentalna.pl\/pliki\/DojazddoTomaszowickomunikacjmiejsk.docx\">Dojazd<\/a><\/b><\/p>\n","protected":false},"excerpt":{"rendered":"<p>Zapraszamy do wzi\u0119cia udzia\u0142u w XX Sympozjum Sekcji Kardiologii Eksperymentalnej PTK oraz Komitetu Nauk Fizjologicznych i Farmakologicznych PAN, kt\u00f3re odpadzie si\u0119 w dniach 19-21.XI.2015 w Tomaszowicach k\/Krakowa (Dw\u00f3r w Tomaszowicach). Sympozjum jest organizowane przy udziale Instytutu Kardiologii Uniwersytetu Jagiello\u0144skiego Collegium Medicum w Krakowie KOMITET NAUKOWY Prof. Maciej Kurpisz &#8211; Uniwersytet Medyczny w Poznaniu &#8211; przewodnicz\u0105cy\u2026 <span class=\"read-more\"><a href=\"https:\/\/kardiologia-eksperymentalna.pl\/index.php\/xx-sympozjum-sekcji-kardiologii-eksperymentalnej\/\">Dowiedz si\u0119 wi\u0119cej &raquo;<\/a><\/span><\/p>\n","protected":false},"author":1,"featured_media":0,"parent":0,"menu_order":0,"comment_status":"closed","ping_status":"closed","template":"","meta":{"footnotes":""},"class_list":["post-77","page","type-page","status-publish","hentry"],"_links":{"self":[{"href":"https:\/\/kardiologia-eksperymentalna.pl\/index.php\/wp-json\/wp\/v2\/pages\/77","targetHints":{"allow":["GET"]}}],"collection":[{"href":"https:\/\/kardiologia-eksperymentalna.pl\/index.php\/wp-json\/wp\/v2\/pages"}],"about":[{"href":"https:\/\/kardiologia-eksperymentalna.pl\/index.php\/wp-json\/wp\/v2\/types\/page"}],"author":[{"embeddable":true,"href":"https:\/\/kardiologia-eksperymentalna.pl\/index.php\/wp-json\/wp\/v2\/users\/1"}],"replies":[{"embeddable":true,"href":"https:\/\/kardiologia-eksperymentalna.pl\/index.php\/wp-json\/wp\/v2\/comments?post=77"}],"version-history":[{"count":7,"href":"https:\/\/kardiologia-eksperymentalna.pl\/index.php\/wp-json\/wp\/v2\/pages\/77\/revisions"}],"predecessor-version":[{"id":659,"href":"https:\/\/kardiologia-eksperymentalna.pl\/index.php\/wp-json\/wp\/v2\/pages\/77\/revisions\/659"}],"wp:attachment":[{"href":"https:\/\/kardiologia-eksperymentalna.pl\/index.php\/wp-json\/wp\/v2\/media?parent=77"}],"curies":[{"name":"wp","href":"https:\/\/api.w.org\/{rel}","templated":true}]}}